{"id":1324,"date":"2025-04-30T00:03:07","date_gmt":"2025-04-30T00:03:07","guid":{"rendered":"https:\/\/itetps.edu.sv\/?page_id=1324"},"modified":"2025-04-30T00:04:08","modified_gmt":"2025-04-30T00:04:08","slug":"proceso-admision","status":"publish","type":"page","link":"https:\/\/itetps.edu.sv\/?page_id=1324","title":{"rendered":"proceso admision"},"content":{"rendered":"\t\t<div data-elementor-type=\"wp-page\" data-elementor-id=\"1324\" class=\"elementor elementor-1324\">\n\t\t\t\t\t\t<section class=\"elementor-section elementor-top-section elementor-element elementor-element-5bc4bd2a elementor-section-height-min-height elementor-section-items-bottom elementor-section-content-middle elementor-section-boxed elementor-section-height-default\" data-id=\"5bc4bd2a\" data-element_type=\"section\" data-settings=\"{&quot;background_background&quot;:&quot;classic&quot;}\">\n\t\t\t\t\t\t\t<div class=\"elementor-background-overlay\"><\/div>\n\t\t\t\t\t\t\t<div class=\"elementor-container elementor-column-gap-default\">\n\t\t\t\t\t<div class=\"elementor-column elementor-col-100 elementor-top-column elementor-element elementor-element-674449ca\" data-id=\"674449ca\" data-element_type=\"column\">\n\t\t\t<div class=\"elementor-widget-wrap elementor-element-populated\">\n\t\t\t\t\t\t<div class=\"elementor-element elementor-element-43fbd7a4 elementor-widget elementor-widget-elementskit-heading\" data-id=\"43fbd7a4\" data-element_type=\"widget\" data-widget_type=\"elementskit-heading.default\">\n\t\t\t\t<div class=\"elementor-widget-container\">\n\t\t\t\t\t<div class=\"ekit-wid-con\" ><div class=\"ekit-heading elementskit-section-title-wraper text_center   ekit_heading_tablet-   ekit_heading_mobile-\"><h3 class=\"elementskit-section-subtitle  \">\n\t\t\t\t\t\tDEPARTAMENTO de Administraci\u00f3n Acad\u00e9mica\n\t\t\t\t\t<\/h3><h2 class=\"ekit-heading--title elementskit-section-title \">ITETPS<\/h2>\t\t\t\t<div class='ekit-heading__description'>\n\t\t\t\t\t<p>EL Y LA ESTUDIANTE IDEAL PARA EL INSTITUTO, Es quien demuestre vocaci\u00f3n para servir en forma solidaria y humana a toda la poblaci\u00f3n que lo necesite, sin discriminaci\u00f3n alguna. Con disponibilidad permanente para ayudar en todo lo que est\u00e9 a su alcance con el objetivo de contribuir al bienestar de los ni\u00f1os, ni\u00f1as, y adolescentes, as\u00ed como prestar atenci\u00f3n especial a los adultos mayores, y a las personas con discapacidades que viven en nuestro pa\u00eds.<\/p>\n\t\t\t\t<\/div>\n\t\t\t<\/div><\/div>\t\t\t\t<\/div>\n\t\t\t\t<\/div>\n\t\t\t\t\t<\/div>\n\t\t<\/div>\n\t\t\t\t\t<\/div>\n\t\t<\/section>\n\t\t\t\t<section class=\"elementor-section elementor-top-section elementor-element elementor-element-2e88e9b7 elementor-section-boxed elementor-section-height-default elementor-section-height-default\" data-id=\"2e88e9b7\" data-element_type=\"section\" data-settings=\"{&quot;background_background&quot;:&quot;classic&quot;}\">\n\t\t\t\t\t\t<div class=\"elementor-container elementor-column-gap-default\">\n\t\t\t\t\t<div class=\"elementor-column elementor-col-100 elementor-top-column elementor-element elementor-element-48d1c94f\" data-id=\"48d1c94f\" data-element_type=\"column\">\n\t\t\t<div class=\"elementor-widget-wrap elementor-element-populated\">\n\t\t\t\t\t\t<section class=\"elementor-section elementor-inner-section elementor-element elementor-element-3f614f93 elementor-section-boxed elementor-section-height-default elementor-section-height-default\" data-id=\"3f614f93\" data-element_type=\"section\">\n\t\t\t\t\t\t<div class=\"elementor-container elementor-column-gap-default\">\n\t\t\t\t\t<div class=\"elementor-column elementor-col-50 elementor-inner-column elementor-element elementor-element-36f89a91\" data-id=\"36f89a91\" data-element_type=\"column\">\n\t\t\t<div class=\"elementor-widget-wrap elementor-element-populated\">\n\t\t\t\t\t\t<div class=\"elementor-element elementor-element-245b0b83 elementor-widget-tablet__width-initial elementor-widget-mobile__width-initial elementor-widget elementor-widget-elementskit-heading\" data-id=\"245b0b83\" data-element_type=\"widget\" data-widget_type=\"elementskit-heading.default\">\n\t\t\t\t<div class=\"elementor-widget-container\">\n\t\t\t\t\t<div class=\"ekit-wid-con\" ><div class=\"ekit-heading elementskit-section-title-wraper text_center   ekit_heading_tablet-text_center   ekit_heading_mobile-\"><h2 class=\"ekit-heading--title elementskit-section-title \">PROCESO DE NUEVO INGRESO<\/h2><\/div><\/div>\t\t\t\t<\/div>\n\t\t\t\t<\/div>\n\t\t\t\t<div class=\"elementor-element elementor-element-51276cfb elementor-widget-tablet__width-initial elementor-widget-mobile__width-initial ekit-equal-height-disable elementor-widget elementor-widget-elementskit-icon-box\" data-id=\"51276cfb\" data-element_type=\"widget\" data-widget_type=\"elementskit-icon-box.default\">\n\t\t\t\t<div class=\"elementor-widget-container\">\n\t\t\t\t\t<div class=\"ekit-wid-con\" >        <!-- link opening -->\n                <a href=\"#\" class=\"ekit_global_links\">\n                <!-- end link opening -->\n\n        <div class=\"elementskit-infobox text- text-left icon-lef-right-aligin elementor-animation- media  \">\n                            <div class=\"elementskit-box-header\">\n                <div class=\"elementskit-info-box-icon text-center\">\n                    <img decoding=\"async\" src=\"\" title=\"\" alt=\"\" class=\"\" \/>                <\/div>\n          <\/div>\n                <div class=\"box-body\">\n                            <h3 class=\"elementskit-info-box-title\">\n                    Requisitos                <\/h3>\n                        \t\t  \t<p>-   Ser Bachiller\n-   Gozar de buena salud f\u00edsica y mental<\/p>\n                                <\/div>\n        \n        \n                <\/div>\n                <\/a>\n        <\/div>\t\t\t\t<\/div>\n\t\t\t\t<\/div>\n\t\t\t\t<div class=\"elementor-element elementor-element-56046bd2 elementor-widget-tablet__width-initial elementor-widget-mobile__width-initial elementor-widget__width-initial ekit-equal-height-disable elementor-widget elementor-widget-elementskit-icon-box\" data-id=\"56046bd2\" data-element_type=\"widget\" data-widget_type=\"elementskit-icon-box.default\">\n\t\t\t\t<div class=\"elementor-widget-container\">\n\t\t\t\t\t<div class=\"ekit-wid-con\" >        <!-- link opening -->\n                <a href=\"#\" class=\"ekit_global_links\">\n                <!-- end link opening -->\n\n        <div class=\"elementskit-infobox text- text-left icon-lef-right-aligin elementor-animation- media  \">\n                            <div class=\"elementskit-box-header\">\n                <div class=\"elementskit-info-box-icon text-center\">\n                    <img decoding=\"async\" src=\"\" title=\"\" alt=\"\" class=\"\" \/>                <\/div>\n          <\/div>\n                <div class=\"box-body\">\n                            <h3 class=\"elementskit-info-box-title\">\n                    Solicitud de Ingreso                <\/h3>\n                                            <\/div>\n        \n        \n                <\/div>\n                <\/a>\n        <\/div>\t\t\t\t<\/div>\n\t\t\t\t<\/div>\n\t\t\t\t<div class=\"elementor-element elementor-element-9685a26 elementor-widget elementor-widget-text-editor\" data-id=\"9685a26\" data-element_type=\"widget\" data-widget_type=\"text-editor.default\">\n\t\t\t\t<div class=\"elementor-widget-container\">\n\t\t\t\t\t\t\t\t\t<ul><li style=\"list-style-type: none;\"><ul><li>Presentar T\u00edtulo de Bachillerato en cualquier modalidad en original y copia. Autenticado por el Ministerio de Educaci\u00f3n o constancia de estudios si todav\u00eda no ha recibido tal documento.<\/li><li>Original y copia de la prueba PAES.<\/li><li>Carta Promocional (es un documento extendido por la instituci\u00f3n en la cual se grad\u00fao de Bachiller y que respalda los resultados obtenidos tanto en su promedio final como en la PAES).<\/li><li>Constancia de Buena Conducta de su \u00faltimo lugar de estudio.<\/li><li>Partida de Nacimiento original, expedida dentro de los dos meses anteriores a su presentaci\u00f3n.<\/li><li>Solicitud de Ingreso. Esta ser\u00e1 proporcionada al interesado por la Administraci\u00f3n Acad\u00e9mica de la Instituci\u00f3n.<\/li><li>Debe solicitar en Administraci\u00f3n Acad\u00e9mica la informaci\u00f3n que le permita conocer la carrera seleccionada, los servicios que se ofrecen, y los aranceles institucionales. Si est\u00e1 de acuerdo en todo lo anterior puede iniciar la inscripci\u00f3n correspondiente.<\/li><li>Despu\u00e9s de presentar su SOLICITUD DE INGRESO, y la documentaci\u00f3n requerida ante la Administraci\u00f3n Acad\u00e9mica, deber\u00e1 formalizar su inscripci\u00f3n; posterior mente se deber\u00e1 someter a las siguientes pruebas diagn\u00f3sticas:\u00a0 \u00a0Conocimiento -Psicol\u00f3gica -F\u00edsica<\/li><\/ul><\/li><\/ul>\t\t\t\t\t\t\t\t<\/div>\n\t\t\t\t<\/div>\n\t\t\t\t\t<\/div>\n\t\t<\/div>\n\t\t\t\t<div class=\"elementor-column elementor-col-50 elementor-inner-column elementor-element elementor-element-7de84605\" data-id=\"7de84605\" data-element_type=\"column\">\n\t\t\t<div class=\"elementor-widget-wrap elementor-element-populated\">\n\t\t\t\t\t\t<div class=\"elementor-element elementor-element-49642796 elementor-absolute elementor-hidden-tablet elementor-hidden-phone elementor-widget elementor-widget-image\" data-id=\"49642796\" data-element_type=\"widget\" data-settings=\"{&quot;_position&quot;:&quot;absolute&quot;}\" data-widget_type=\"image.default\">\n\t\t\t\t<div class=\"elementor-widget-container\">\n\t\t\t\t\t\t\t\t\t\t\t\t\t\t\t<img fetchpriority=\"high\" decoding=\"async\" width=\"566\" height=\"400\" src=\"https:\/\/itetps.edu.sv\/wp-content\/uploads\/2024\/02\/img183.jpg\" class=\"elementor-animation-grow attachment-full size-full wp-image-78\" alt=\"\" srcset=\"https:\/\/itetps.edu.sv\/wp-content\/uploads\/2024\/02\/img183.jpg 566w, https:\/\/itetps.edu.sv\/wp-content\/uploads\/2024\/02\/img183-300x212.jpg 300w\" sizes=\"(max-width: 566px) 100vw, 566px\" \/>\t\t\t\t\t\t\t\t\t\t\t\t\t\t\t<\/div>\n\t\t\t\t<\/div>\n\t\t\t\t\t<\/div>\n\t\t<\/div>\n\t\t\t\t\t<\/div>\n\t\t<\/section>\n\t\t\t\t<section class=\"elementor-section elementor-inner-section elementor-element elementor-element-0486a90 elementor-section-boxed elementor-section-height-default elementor-section-height-default\" data-id=\"0486a90\" data-element_type=\"section\">\n\t\t\t\t\t\t<div class=\"elementor-container elementor-column-gap-default\">\n\t\t\t\t\t<div class=\"elementor-column elementor-col-50 elementor-inner-column elementor-element elementor-element-deda944\" data-id=\"deda944\" data-element_type=\"column\">\n\t\t\t<div class=\"elementor-widget-wrap elementor-element-populated\">\n\t\t\t\t\t\t<div class=\"elementor-element elementor-element-14687b7 elementor-absolute elementor-hidden-tablet elementor-hidden-phone elementor-widget__width-initial elementor-widget elementor-widget-image\" data-id=\"14687b7\" data-element_type=\"widget\" data-settings=\"{&quot;_position&quot;:&quot;absolute&quot;}\" data-widget_type=\"image.default\">\n\t\t\t\t<div class=\"elementor-widget-container\">\n\t\t\t\t\t\t\t\t\t\t\t\t\t\t\t<img decoding=\"async\" width=\"1275\" height=\"900\" src=\"https:\/\/itetps.edu.sv\/wp-content\/uploads\/2024\/02\/img525.jpg\" class=\"elementor-animation-grow attachment-full size-full wp-image-100\" alt=\"\" srcset=\"https:\/\/itetps.edu.sv\/wp-content\/uploads\/2024\/02\/img525.jpg 1275w, https:\/\/itetps.edu.sv\/wp-content\/uploads\/2024\/02\/img525-300x212.jpg 300w, https:\/\/itetps.edu.sv\/wp-content\/uploads\/2024\/02\/img525-1024x723.jpg 1024w, https:\/\/itetps.edu.sv\/wp-content\/uploads\/2024\/02\/img525-768x542.jpg 768w\" sizes=\"(max-width: 1275px) 100vw, 1275px\" \/>\t\t\t\t\t\t\t\t\t\t\t\t\t\t\t<\/div>\n\t\t\t\t<\/div>\n\t\t\t\t\t<\/div>\n\t\t<\/div>\n\t\t\t\t<div class=\"elementor-column elementor-col-50 elementor-inner-column elementor-element elementor-element-fadf82c\" data-id=\"fadf82c\" data-element_type=\"column\">\n\t\t\t<div class=\"elementor-widget-wrap elementor-element-populated\">\n\t\t\t\t\t\t<div class=\"elementor-element elementor-element-4ac9e96 elementor-widget-tablet__width-initial elementor-widget-mobile__width-initial elementor-widget elementor-widget-elementskit-heading\" data-id=\"4ac9e96\" data-element_type=\"widget\" data-widget_type=\"elementskit-heading.default\">\n\t\t\t\t<div class=\"elementor-widget-container\">\n\t\t\t\t\t<div class=\"ekit-wid-con\" ><div class=\"ekit-heading elementskit-section-title-wraper text_center   ekit_heading_tablet-text_center   ekit_heading_mobile-\"><h2 class=\"ekit-heading--title elementskit-section-title \">PROCESO RE-INGRESO<\/h2><\/div><\/div>\t\t\t\t<\/div>\n\t\t\t\t<\/div>\n\t\t\t\t<div class=\"elementor-element elementor-element-8d4cb02 elementor-widget-tablet__width-initial elementor-widget-mobile__width-initial elementor-widget__width-initial ekit-equal-height-disable elementor-widget elementor-widget-elementskit-icon-box\" data-id=\"8d4cb02\" data-element_type=\"widget\" data-widget_type=\"elementskit-icon-box.default\">\n\t\t\t\t<div class=\"elementor-widget-container\">\n\t\t\t\t\t<div class=\"ekit-wid-con\" >        <!-- link opening -->\n                <a href=\"#\" class=\"ekit_global_links\">\n                <!-- end link opening -->\n\n        <div class=\"elementskit-infobox text- text- icon-lef-right-aligin elementor-animation-   \">\n                            <div class=\"elementskit-box-header\">\n                <div class=\"elementskit-info-box-icon text-center\">\n                    <img decoding=\"async\" src=\"\" title=\"\" alt=\"\" class=\"\" \/>                <\/div>\n          <\/div>\n                <div class=\"box-body\">\n                            <h3 class=\"elementskit-info-box-title\">\n                    Solicitud de Ingreso                <\/h3>\n                                            <\/div>\n        \n        \n                <\/div>\n                <\/a>\n        <\/div>\t\t\t\t<\/div>\n\t\t\t\t<\/div>\n\t\t\t\t<div class=\"elementor-element elementor-element-75ac151 elementor-widget__width-initial elementor-widget elementor-widget-text-editor\" data-id=\"75ac151\" data-element_type=\"widget\" data-widget_type=\"text-editor.default\">\n\t\t\t\t<div class=\"elementor-widget-container\">\n\t\t\t\t\t\t\t\t\t<p>Todos los estudiantes que se han retirado de la Instituci\u00f3n por diversos motivos, pueden reingresar, y el tr\u00e1mite que se realiza en Administraci\u00f3n Acad\u00e9mica, es el siguiente:<\/p><ol><li style=\"list-style-type: none;\"><ul><li>Llenar la su solicitud de reingreso.<\/li><li>Anexar constancia de estudio y certificaci\u00f3n de notas de las materias aprobadas.<\/li><li>Presentar la Solvencia General de Pagos.<\/li><li>Esperar\u00e1 los resultados del estudio acad\u00e9mico que se le practique a efecto de conocer el nivel en el cual deber\u00e1 ser incorporado (el tr\u00e1mite dura cinco d\u00edas h\u00e1biles).<\/li><li><b style=\"font-style: inherit;\">Finalmente podr\u00e1 matricularse e inscribirse en el a\u00f1o y ciclo correspondiente.<\/b><\/li><\/ul><\/li><\/ol><ul><li style=\"list-style-type: none;\">\u00a0<\/li><\/ul><ul><li style=\"list-style-type: none;\">\u00a0<\/li><\/ul><ul><li style=\"list-style-type: none;\">\u00a0<\/li><\/ul>\t\t\t\t\t\t\t\t<\/div>\n\t\t\t\t<\/div>\n\t\t\t\t\t<\/div>\n\t\t<\/div>\n\t\t\t\t\t<\/div>\n\t\t<\/section>\n\t\t\t\t<section class=\"elementor-section elementor-inner-section elementor-element elementor-element-74b8224 elementor-section-boxed elementor-section-height-default elementor-section-height-default\" data-id=\"74b8224\" data-element_type=\"section\">\n\t\t\t\t\t\t<div class=\"elementor-container elementor-column-gap-default\">\n\t\t\t\t\t<div class=\"elementor-column elementor-col-50 elementor-inner-column elementor-element elementor-element-22d96d6\" data-id=\"22d96d6\" data-element_type=\"column\">\n\t\t\t<div class=\"elementor-widget-wrap elementor-element-populated\">\n\t\t\t\t\t\t<div class=\"elementor-element elementor-element-8d2ad5b elementor-widget-tablet__width-initial elementor-widget-mobile__width-initial elementor-widget elementor-widget-elementskit-heading\" data-id=\"8d2ad5b\" data-element_type=\"widget\" data-widget_type=\"elementskit-heading.default\">\n\t\t\t\t<div class=\"elementor-widget-container\">\n\t\t\t\t\t<div class=\"ekit-wid-con\" ><div class=\"ekit-heading elementskit-section-title-wraper text_center   ekit_heading_tablet-text_center   ekit_heading_mobile-\"><h2 class=\"ekit-heading--title elementskit-section-title \">PROCESO POR EQUIVALENCIAS<\/h2><\/div><\/div>\t\t\t\t<\/div>\n\t\t\t\t<\/div>\n\t\t\t\t<div class=\"elementor-element elementor-element-b0a21e3 elementor-widget elementor-widget-text-editor\" data-id=\"b0a21e3\" data-element_type=\"widget\" data-widget_type=\"text-editor.default\">\n\t\t\t\t<div class=\"elementor-widget-container\">\n\t\t\t\t\t\t\t\t\t<p>\u00a0<\/p><ol><li style=\"list-style-type: none;\"><ul><li>Deber\u00e1 pedir ASESORIA sobre el tr\u00e1mite a realizar en Administraci\u00f3n Acad\u00e9mica y luego si est\u00e1 conforme llenar\u00e1 su respectiva Solicitud de Ingreso por Equivalencias.<\/li><li>Presentar\u00e1 Constancia de Estudio y certificaci\u00f3n de Notas de las materias cursadas en la instituci\u00f3n de origen debidamente autenticadas por el MINED.<\/li><li>Presentar\u00e1 Programas de Estudio de la Carrera iniciada en la Instituci\u00f3n de origen, en caso de ser necesario.<\/li><li>La Administraci\u00f3n Acad\u00e9mica le citar\u00e1 para una entrevista dentro de los pr\u00f3ximos 5 d\u00edas h\u00e1biles, a fin de dar respuesta a su solicitud de ingreso e informe del estudio t\u00e9cnico acad\u00e9mico que se le ha realizado, a efecto de conocer el nivel y a\u00f1o en que deber\u00e1 incorporarse.<\/li><li>De ser positiva la resoluci\u00f3n se le indicar\u00e1 los tr\u00e1mites de matr\u00edcula e inscripci\u00f3n de materias; si fuere desfavorable puede apelar de dicha resoluci\u00f3n de conformidad con el Reglamento de Equivalencias pidiendo asesor\u00eda para ello a la misma Administraci\u00f3n Acad\u00e9mica.<\/li><\/ul><\/li><\/ol><ul><li style=\"list-style-type: none;\">\u00a0<\/li><\/ul><ul><li style=\"list-style-type: none;\">\u00a0<\/li><\/ul><ul><li style=\"list-style-type: none;\">\u00a0<\/li><\/ul>\t\t\t\t\t\t\t\t<\/div>\n\t\t\t\t<\/div>\n\t\t\t\t\t<\/div>\n\t\t<\/div>\n\t\t\t\t<div class=\"elementor-column elementor-col-50 elementor-inner-column elementor-element elementor-element-a06049c\" data-id=\"a06049c\" data-element_type=\"column\">\n\t\t\t<div class=\"elementor-widget-wrap elementor-element-populated\">\n\t\t\t\t\t\t<div class=\"elementor-element elementor-element-588d089 elementor-absolute elementor-hidden-tablet elementor-hidden-phone elementor-widget elementor-widget-image\" data-id=\"588d089\" data-element_type=\"widget\" data-settings=\"{&quot;_position&quot;:&quot;absolute&quot;}\" data-widget_type=\"image.default\">\n\t\t\t\t<div class=\"elementor-widget-container\">\n\t\t\t\t\t\t\t\t\t\t\t\t\t\t\t<img decoding=\"async\" width=\"1280\" height=\"960\" src=\"https:\/\/itetps.edu.sv\/wp-content\/uploads\/2024\/02\/08.jpeg\" class=\"elementor-animation-grow attachment-full size-full wp-image-112\" alt=\"\" srcset=\"https:\/\/itetps.edu.sv\/wp-content\/uploads\/2024\/02\/08.jpeg 1280w, https:\/\/itetps.edu.sv\/wp-content\/uploads\/2024\/02\/08-300x225.jpeg 300w, https:\/\/itetps.edu.sv\/wp-content\/uploads\/2024\/02\/08-1024x768.jpeg 1024w, https:\/\/itetps.edu.sv\/wp-content\/uploads\/2024\/02\/08-768x576.jpeg 768w\" sizes=\"(max-width: 1280px) 100vw, 1280px\" \/>\t\t\t\t\t\t\t\t\t\t\t\t\t\t\t<\/div>\n\t\t\t\t<\/div>\n\t\t\t\t\t<\/div>\n\t\t<\/div>\n\t\t\t\t\t<\/div>\n\t\t<\/section>\n\t\t\t\t<div class=\"elementor-element elementor-element-bd245ee elementor-widget-divider--view-line elementor-widget elementor-widget-divider\" data-id=\"bd245ee\" data-element_type=\"widget\" data-widget_type=\"divider.default\">\n\t\t\t\t<div class=\"elementor-widget-container\">\n\t\t\t\t\t\t\t<div class=\"elementor-divider\">\n\t\t\t<span class=\"elementor-divider-separator\">\n\t\t\t\t\t\t<\/span>\n\t\t<\/div>\n\t\t\t\t\t\t<\/div>\n\t\t\t\t<\/div>\n\t\t\t\t\t<\/div>\n\t\t<\/div>\n\t\t\t\t\t<\/div>\n\t\t<\/section>\n\t\t\t\t<\/div>\n\t\t","protected":false},"excerpt":{"rendered":"<p>DEPARTAMENTO de Administraci\u00f3n Acad\u00e9mica ITETPS EL Y LA ESTUDIANTE IDEAL PARA EL INSTITUTO, Es quien demuestre vocaci\u00f3n para servir en [&hellip;]<\/p>\n","protected":false},"author":3,"featured_media":0,"parent":0,"menu_order":0,"comment_status":"closed","ping_status":"closed","template":"","meta":{"site-sidebar-layout":"no-sidebar","site-content-layout":"","ast-site-content-layout":"full-width-container","site-content-style":"default","site-sidebar-style":"default","ast-global-header-display":"","ast-banner-title-visibility":"","ast-main-header-display":"","ast-hfb-above-header-display":"","ast-hfb-below-header-display":"","ast-hfb-mobile-header-display":"","site-post-title":"disabled","ast-breadcrumbs-content":"","ast-featured-img":"disabled","footer-sml-layout":"","theme-transparent-header-meta":"","adv-header-id-meta":"","stick-header-meta":"","header-above-stick-meta":"","header-main-stick-meta":"","header-below-stick-meta":"","astra-migrate-meta-layouts":"default","ast-page-background-enabled":"default","ast-page-background-meta":{"desktop":{"background-color":"var(--ast-global-color-4)","background-image":"","background-repeat":"repeat","background-position":"center center","background-size":"auto","background-attachment":"scroll","background-type":"","background-media":"","overlay-type":"","overlay-color":"","overlay-opacity":"","overlay-gradient":""},"tablet":{"background-color":"","background-image":"","background-repeat":"repeat","background-position":"center center","background-size":"auto","background-attachment":"scroll","background-type":"","background-media":"","overlay-type":"","overlay-color":"","overlay-opacity":"","overlay-gradient":""},"mobile":{"background-color":"","background-image":"","background-repeat":"repeat","background-position":"center center","background-size":"auto","background-attachment":"scroll","background-type":"","background-media":"","overlay-type":"","overlay-color":"","overlay-opacity":"","overlay-gradient":""}},"ast-content-background-meta":{"desktop":{"background-color":"var(--ast-global-color-5)","background-image":"","background-repeat":"repeat","background-position":"center center","background-size":"auto","background-attachment":"scroll","background-type":"","background-media":"","overlay-type":"","overlay-color":"","overlay-opacity":"","overlay-gradient":""},"tablet":{"background-color":"var(--ast-global-color-5)","background-image":"","background-repeat":"repeat","background-position":"center center","background-size":"auto","background-attachment":"scroll","background-type":"","background-media":"","overlay-type":"","overlay-color":"","overlay-opacity":"","overlay-gradient":""},"mobile":{"background-color":"var(--ast-global-color-5)","background-image":"","background-repeat":"repeat","background-position":"center center","background-size":"auto","background-attachment":"scroll","background-type":"","background-media":"","overlay-type":"","overlay-color":"","overlay-opacity":"","overlay-gradient":""}},"footnotes":""},"class_list":["post-1324","page","type-page","status-publish","hentry"],"_links":{"self":[{"href":"https:\/\/itetps.edu.sv\/index.php?rest_route=\/wp\/v2\/pages\/1324","targetHints":{"allow":["GET"]}}],"collection":[{"href":"https:\/\/itetps.edu.sv\/index.php?rest_route=\/wp\/v2\/pages"}],"about":[{"href":"https:\/\/itetps.edu.sv\/index.php?rest_route=\/wp\/v2\/types\/page"}],"author":[{"embeddable":true,"href":"https:\/\/itetps.edu.sv\/index.php?rest_route=\/wp\/v2\/users\/3"}],"replies":[{"embeddable":true,"href":"https:\/\/itetps.edu.sv\/index.php?rest_route=%2Fwp%2Fv2%2Fcomments&post=1324"}],"version-history":[{"count":4,"href":"https:\/\/itetps.edu.sv\/index.php?rest_route=\/wp\/v2\/pages\/1324\/revisions"}],"predecessor-version":[{"id":1328,"href":"https:\/\/itetps.edu.sv\/index.php?rest_route=\/wp\/v2\/pages\/1324\/revisions\/1328"}],"wp:attachment":[{"href":"https:\/\/itetps.edu.sv\/index.php?rest_route=%2Fwp%2Fv2%2Fmedia&parent=1324"}],"curies":[{"name":"wp","href":"https:\/\/api.w.org\/{rel}","templated":true}]}}