{"id":1358,"date":"2025-05-01T01:43:50","date_gmt":"2025-05-01T01:43:50","guid":{"rendered":"https:\/\/itetps.edu.sv\/?page_id=1358"},"modified":"2025-05-01T01:54:04","modified_gmt":"2025-05-01T01:54:04","slug":"laboratorio","status":"publish","type":"page","link":"https:\/\/itetps.edu.sv\/?page_id=1358","title":{"rendered":"Laboratorio"},"content":{"rendered":"\t\t<div data-elementor-type=\"wp-page\" data-elementor-id=\"1358\" class=\"elementor elementor-1358\">\n\t\t\t\t<div class=\"elementor-element elementor-element-183a052 e-flex e-con-boxed e-con e-parent\" data-id=\"183a052\" data-element_type=\"container\">\n\t\t\t\t\t<div class=\"e-con-inner\">\n\t\t\t\t<div class=\"elementor-element elementor-element-9466d29 elementor-widget elementor-widget-heading\" data-id=\"9466d29\" data-element_type=\"widget\" data-widget_type=\"heading.default\">\n\t\t\t\t<div class=\"elementor-widget-container\">\n\t\t\t\t\t<h2 class=\"elementor-heading-title elementor-size-default\">Laboratorio de Artes de Enfermer\u00eda<\/h2>\t\t\t\t<\/div>\n\t\t\t\t<\/div>\n\t\t\t\t\t<\/div>\n\t\t\t\t<\/div>\n\t\t<div class=\"elementor-element elementor-element-e874dec e-grid e-con-boxed e-con e-parent\" data-id=\"e874dec\" data-element_type=\"container\">\n\t\t\t\t\t<div class=\"e-con-inner\">\n\t\t\t\t<div class=\"elementor-element elementor-element-93310f3 elementor-widget elementor-widget-image\" data-id=\"93310f3\" data-element_type=\"widget\" data-widget_type=\"image.default\">\n\t\t\t\t<div class=\"elementor-widget-container\">\n\t\t\t\t\t\t\t\t\t\t\t\t\t\t\t<img fetchpriority=\"high\" decoding=\"async\" width=\"1024\" height=\"576\" src=\"https:\/\/itetps.edu.sv\/wp-content\/uploads\/2025\/05\/ARTES-DE-ENFERMERIA-1-modified-1024x576.jpeg\" class=\"attachment-large size-large wp-image-1360\" alt=\"\" srcset=\"https:\/\/itetps.edu.sv\/wp-content\/uploads\/2025\/05\/ARTES-DE-ENFERMERIA-1-modified-1024x576.jpeg 1024w, https:\/\/itetps.edu.sv\/wp-content\/uploads\/2025\/05\/ARTES-DE-ENFERMERIA-1-modified-300x169.jpeg 300w, https:\/\/itetps.edu.sv\/wp-content\/uploads\/2025\/05\/ARTES-DE-ENFERMERIA-1-modified-768x432.jpeg 768w, https:\/\/itetps.edu.sv\/wp-content\/uploads\/2025\/05\/ARTES-DE-ENFERMERIA-1-modified.jpeg 1280w\" sizes=\"(max-width: 1024px) 100vw, 1024px\" \/>\t\t\t\t\t\t\t\t\t\t\t\t\t\t\t<\/div>\n\t\t\t\t<\/div>\n\t\t\t\t<div class=\"elementor-element elementor-element-9657330 elementor-widget elementor-widget-image\" data-id=\"9657330\" data-element_type=\"widget\" data-widget_type=\"image.default\">\n\t\t\t\t<div class=\"elementor-widget-container\">\n\t\t\t\t\t\t\t\t\t\t\t\t\t\t\t<img decoding=\"async\" width=\"1024\" height=\"575\" src=\"https:\/\/itetps.edu.sv\/wp-content\/uploads\/2025\/05\/ARTES-DE-ENFERMERIA-2-modified-1024x575.jpeg\" class=\"attachment-large size-large wp-image-1361\" alt=\"\" srcset=\"https:\/\/itetps.edu.sv\/wp-content\/uploads\/2025\/05\/ARTES-DE-ENFERMERIA-2-modified-1024x575.jpeg 1024w, https:\/\/itetps.edu.sv\/wp-content\/uploads\/2025\/05\/ARTES-DE-ENFERMERIA-2-modified-300x169.jpeg 300w, https:\/\/itetps.edu.sv\/wp-content\/uploads\/2025\/05\/ARTES-DE-ENFERMERIA-2-modified-768x431.jpeg 768w, https:\/\/itetps.edu.sv\/wp-content\/uploads\/2025\/05\/ARTES-DE-ENFERMERIA-2-modified.jpeg 1280w\" sizes=\"(max-width: 1024px) 100vw, 1024px\" \/>\t\t\t\t\t\t\t\t\t\t\t\t\t\t\t<\/div>\n\t\t\t\t<\/div>\n\t\t\t\t<div class=\"elementor-element elementor-element-3b48d43 elementor-widget elementor-widget-image\" data-id=\"3b48d43\" data-element_type=\"widget\" data-widget_type=\"image.default\">\n\t\t\t\t<div class=\"elementor-widget-container\">\n\t\t\t\t\t\t\t\t\t\t\t\t\t\t\t<img decoding=\"async\" width=\"680\" height=\"510\" src=\"https:\/\/itetps.edu.sv\/wp-content\/uploads\/2025\/05\/unnamed-modified-1.jpg\" class=\"attachment-large size-large wp-image-1362\" alt=\"\" srcset=\"https:\/\/itetps.edu.sv\/wp-content\/uploads\/2025\/05\/unnamed-modified-1.jpg 680w, https:\/\/itetps.edu.sv\/wp-content\/uploads\/2025\/05\/unnamed-modified-1-300x225.jpg 300w\" sizes=\"(max-width: 680px) 100vw, 680px\" \/>\t\t\t\t\t\t\t\t\t\t\t\t\t\t\t<\/div>\n\t\t\t\t<\/div>\n\t\t\t\t\t<\/div>\n\t\t\t\t<\/div>\n\t\t<div class=\"elementor-element elementor-element-843b18d e-flex e-con-boxed e-con e-parent\" data-id=\"843b18d\" data-element_type=\"container\">\n\t\t\t\t\t<div class=\"e-con-inner\">\n\t\t\t\t<div class=\"elementor-element elementor-element-0ae5139 elementor-widget elementor-widget-heading\" data-id=\"0ae5139\" data-element_type=\"widget\" data-widget_type=\"heading.default\">\n\t\t\t\t<div class=\"elementor-widget-container\">\n\t\t\t\t\t<h2 class=\"elementor-heading-title elementor-size-default\">Centro Quir\u00fargico<\/h2>\t\t\t\t<\/div>\n\t\t\t\t<\/div>\n\t\t\t\t\t<\/div>\n\t\t\t\t<\/div>\n\t\t<div class=\"elementor-element elementor-element-88ce3f0 e-grid e-con-boxed e-con e-parent\" data-id=\"88ce3f0\" data-element_type=\"container\">\n\t\t\t\t\t<div class=\"e-con-inner\">\n\t\t\t\t<div class=\"elementor-element elementor-element-a720b2b elementor-widget elementor-widget-image\" data-id=\"a720b2b\" data-element_type=\"widget\" data-widget_type=\"image.default\">\n\t\t\t\t<div class=\"elementor-widget-container\">\n\t\t\t\t\t\t\t\t\t\t\t\t\t\t\t<img loading=\"lazy\" decoding=\"async\" width=\"960\" height=\"720\" src=\"https:\/\/itetps.edu.sv\/wp-content\/uploads\/2025\/05\/27331723_1412607452181167_3818484630377210575_n-modified.jpg\" class=\"attachment-large size-large wp-image-1363\" alt=\"\" srcset=\"https:\/\/itetps.edu.sv\/wp-content\/uploads\/2025\/05\/27331723_1412607452181167_3818484630377210575_n-modified.jpg 960w, https:\/\/itetps.edu.sv\/wp-content\/uploads\/2025\/05\/27331723_1412607452181167_3818484630377210575_n-modified-300x225.jpg 300w, https:\/\/itetps.edu.sv\/wp-content\/uploads\/2025\/05\/27331723_1412607452181167_3818484630377210575_n-modified-768x576.jpg 768w\" sizes=\"(max-width: 960px) 100vw, 960px\" \/>\t\t\t\t\t\t\t\t\t\t\t\t\t\t\t<\/div>\n\t\t\t\t<\/div>\n\t\t\t\t<div class=\"elementor-element elementor-element-834b915 elementor-widget elementor-widget-image\" data-id=\"834b915\" data-element_type=\"widget\" data-widget_type=\"image.default\">\n\t\t\t\t<div class=\"elementor-widget-container\">\n\t\t\t\t\t\t\t\t\t\t\t\t\t\t\t<img loading=\"lazy\" decoding=\"async\" width=\"1024\" height=\"576\" src=\"https:\/\/itetps.edu.sv\/wp-content\/uploads\/2025\/05\/33183983_1519309931510918_5181617797670633472_o-modified-1024x576.jpg\" class=\"attachment-large size-large wp-image-1364\" alt=\"\" srcset=\"https:\/\/itetps.edu.sv\/wp-content\/uploads\/2025\/05\/33183983_1519309931510918_5181617797670633472_o-modified-1024x576.jpg 1024w, https:\/\/itetps.edu.sv\/wp-content\/uploads\/2025\/05\/33183983_1519309931510918_5181617797670633472_o-modified-300x169.jpg 300w, https:\/\/itetps.edu.sv\/wp-content\/uploads\/2025\/05\/33183983_1519309931510918_5181617797670633472_o-modified-768x432.jpg 768w, https:\/\/itetps.edu.sv\/wp-content\/uploads\/2025\/05\/33183983_1519309931510918_5181617797670633472_o-modified.jpg 1280w\" sizes=\"(max-width: 1024px) 100vw, 1024px\" \/>\t\t\t\t\t\t\t\t\t\t\t\t\t\t\t<\/div>\n\t\t\t\t<\/div>\n\t\t\t\t<div class=\"elementor-element elementor-element-e8d7095 elementor-widget elementor-widget-image\" data-id=\"e8d7095\" data-element_type=\"widget\" data-widget_type=\"image.default\">\n\t\t\t\t<div class=\"elementor-widget-container\">\n\t\t\t\t\t\t\t\t\t\t\t\t\t\t\t<img loading=\"lazy\" decoding=\"async\" width=\"1024\" height=\"768\" src=\"https:\/\/itetps.edu.sv\/wp-content\/uploads\/2025\/05\/CENTRO-QUIRURGICO-3-modified-1024x768.jpeg\" class=\"attachment-large size-large wp-image-1365\" alt=\"\" srcset=\"https:\/\/itetps.edu.sv\/wp-content\/uploads\/2025\/05\/CENTRO-QUIRURGICO-3-modified-1024x768.jpeg 1024w, https:\/\/itetps.edu.sv\/wp-content\/uploads\/2025\/05\/CENTRO-QUIRURGICO-3-modified-300x225.jpeg 300w, https:\/\/itetps.edu.sv\/wp-content\/uploads\/2025\/05\/CENTRO-QUIRURGICO-3-modified-768x576.jpeg 768w, https:\/\/itetps.edu.sv\/wp-content\/uploads\/2025\/05\/CENTRO-QUIRURGICO-3-modified.jpeg 1280w\" sizes=\"(max-width: 1024px) 100vw, 1024px\" \/>\t\t\t\t\t\t\t\t\t\t\t\t\t\t\t<\/div>\n\t\t\t\t<\/div>\n\t\t\t\t\t<\/div>\n\t\t\t\t<\/div>\n\t\t<div class=\"elementor-element elementor-element-a7748fb e-flex e-con-boxed e-con e-parent\" data-id=\"a7748fb\" data-element_type=\"container\">\n\t\t\t\t\t<div class=\"e-con-inner\">\n\t\t\t\t<div class=\"elementor-element elementor-element-c4499c3 elementor-widget elementor-widget-heading\" data-id=\"c4499c3\" data-element_type=\"widget\" data-widget_type=\"heading.default\">\n\t\t\t\t<div class=\"elementor-widget-container\">\n\t\t\t\t\t<h2 class=\"elementor-heading-title elementor-size-default\">Materno Infantil<\/h2>\t\t\t\t<\/div>\n\t\t\t\t<\/div>\n\t\t\t\t\t<\/div>\n\t\t\t\t<\/div>\n\t\t<div class=\"elementor-element elementor-element-b6ba3fd e-grid e-con-boxed e-con e-parent\" data-id=\"b6ba3fd\" data-element_type=\"container\">\n\t\t\t\t\t<div class=\"e-con-inner\">\n\t\t\t\t<div class=\"elementor-element elementor-element-80a184b elementor-widget elementor-widget-image\" data-id=\"80a184b\" data-element_type=\"widget\" data-widget_type=\"image.default\">\n\t\t\t\t<div class=\"elementor-widget-container\">\n\t\t\t\t\t\t\t\t\t\t\t\t\t\t\t<img loading=\"lazy\" decoding=\"async\" width=\"1024\" height=\"670\" src=\"https:\/\/itetps.edu.sv\/wp-content\/uploads\/2025\/05\/487506207_1086318913537369_7418528714404921802_n-1024x670.jpg\" class=\"attachment-large size-large wp-image-1366\" alt=\"\" srcset=\"https:\/\/itetps.edu.sv\/wp-content\/uploads\/2025\/05\/487506207_1086318913537369_7418528714404921802_n-1024x670.jpg 1024w, https:\/\/itetps.edu.sv\/wp-content\/uploads\/2025\/05\/487506207_1086318913537369_7418528714404921802_n-300x196.jpg 300w, https:\/\/itetps.edu.sv\/wp-content\/uploads\/2025\/05\/487506207_1086318913537369_7418528714404921802_n-768x502.jpg 768w, https:\/\/itetps.edu.sv\/wp-content\/uploads\/2025\/05\/487506207_1086318913537369_7418528714404921802_n.jpg 1440w\" sizes=\"(max-width: 1024px) 100vw, 1024px\" \/>\t\t\t\t\t\t\t\t\t\t\t\t\t\t\t<\/div>\n\t\t\t\t<\/div>\n\t\t\t\t<div class=\"elementor-element elementor-element-c8c4b8a elementor-widget elementor-widget-image\" data-id=\"c8c4b8a\" data-element_type=\"widget\" data-widget_type=\"image.default\">\n\t\t\t\t<div class=\"elementor-widget-container\">\n\t\t\t\t\t\t\t\t\t\t\t\t\t\t\t<img loading=\"lazy\" decoding=\"async\" width=\"576\" height=\"1024\" src=\"https:\/\/itetps.edu.sv\/wp-content\/uploads\/2025\/05\/MATERNO-INFANTIL-7-576x1024.jpg\" class=\"attachment-large size-large wp-image-1367\" alt=\"\" srcset=\"https:\/\/itetps.edu.sv\/wp-content\/uploads\/2025\/05\/MATERNO-INFANTIL-7-576x1024.jpg 576w, https:\/\/itetps.edu.sv\/wp-content\/uploads\/2025\/05\/MATERNO-INFANTIL-7-169x300.jpg 169w, https:\/\/itetps.edu.sv\/wp-content\/uploads\/2025\/05\/MATERNO-INFANTIL-7-768x1365.jpg 768w, https:\/\/itetps.edu.sv\/wp-content\/uploads\/2025\/05\/MATERNO-INFANTIL-7-864x1536.jpg 864w, https:\/\/itetps.edu.sv\/wp-content\/uploads\/2025\/05\/MATERNO-INFANTIL-7.jpg 900w\" sizes=\"(max-width: 576px) 100vw, 576px\" \/>\t\t\t\t\t\t\t\t\t\t\t\t\t\t\t<\/div>\n\t\t\t\t<\/div>\n\t\t\t\t<div class=\"elementor-element elementor-element-69b98da elementor-widget elementor-widget-image\" data-id=\"69b98da\" data-element_type=\"widget\" data-widget_type=\"image.default\">\n\t\t\t\t<div class=\"elementor-widget-container\">\n\t\t\t\t\t\t\t\t\t\t\t\t\t\t\t<img loading=\"lazy\" decoding=\"async\" width=\"1024\" height=\"576\" src=\"https:\/\/itetps.edu.sv\/wp-content\/uploads\/2025\/05\/MATERNO-INFANTIL-5-1024x576.jpg\" class=\"attachment-large size-large wp-image-1368\" alt=\"\" srcset=\"https:\/\/itetps.edu.sv\/wp-content\/uploads\/2025\/05\/MATERNO-INFANTIL-5-1024x576.jpg 1024w, https:\/\/itetps.edu.sv\/wp-content\/uploads\/2025\/05\/MATERNO-INFANTIL-5-300x169.jpg 300w, https:\/\/itetps.edu.sv\/wp-content\/uploads\/2025\/05\/MATERNO-INFANTIL-5-768x432.jpg 768w, https:\/\/itetps.edu.sv\/wp-content\/uploads\/2025\/05\/MATERNO-INFANTIL-5-1536x864.jpg 1536w, https:\/\/itetps.edu.sv\/wp-content\/uploads\/2025\/05\/MATERNO-INFANTIL-5-rotated.jpg 1600w\" sizes=\"(max-width: 1024px) 100vw, 1024px\" \/>\t\t\t\t\t\t\t\t\t\t\t\t\t\t\t<\/div>\n\t\t\t\t<\/div>\n\t\t\t\t\t<\/div>\n\t\t\t\t<\/div>\n\t\t<div class=\"elementor-element elementor-element-3a95b51 e-flex e-con-boxed e-con e-parent\" data-id=\"3a95b51\" data-element_type=\"container\">\n\t\t\t\t\t<div class=\"e-con-inner\">\n\t\t\t\t\t<\/div>\n\t\t\t\t<\/div>\n\t\t<div class=\"elementor-element elementor-element-16d8999 e-flex e-con-boxed e-con e-parent\" data-id=\"16d8999\" data-element_type=\"container\">\n\t\t\t\t\t<div class=\"e-con-inner\">\n\t\t\t\t<div class=\"elementor-element elementor-element-ac5d7f1 elementor-widget elementor-widget-heading\" data-id=\"ac5d7f1\" data-element_type=\"widget\" data-widget_type=\"heading.default\">\n\t\t\t\t<div class=\"elementor-widget-container\">\n\t\t\t\t\t<h2 class=\"elementor-heading-title elementor-size-default\">Microbiolog\u00eda<\/h2>\t\t\t\t<\/div>\n\t\t\t\t<\/div>\n\t\t\t\t\t<\/div>\n\t\t\t\t<\/div>\n\t\t<div class=\"elementor-element elementor-element-09f1416 e-grid e-con-boxed e-con e-parent\" data-id=\"09f1416\" data-element_type=\"container\">\n\t\t\t\t\t<div class=\"e-con-inner\">\n\t\t\t\t<div class=\"elementor-element elementor-element-fd381eb elementor-widget elementor-widget-image\" data-id=\"fd381eb\" data-element_type=\"widget\" data-widget_type=\"image.default\">\n\t\t\t\t<div class=\"elementor-widget-container\">\n\t\t\t\t\t\t\t\t\t\t\t\t\t\t\t<img loading=\"lazy\" decoding=\"async\" width=\"576\" height=\"1024\" src=\"https:\/\/itetps.edu.sv\/wp-content\/uploads\/2025\/05\/MICROBIOLOGIA-1-1-576x1024.jpg\" class=\"attachment-large size-large wp-image-1370\" alt=\"\" srcset=\"https:\/\/itetps.edu.sv\/wp-content\/uploads\/2025\/05\/MICROBIOLOGIA-1-1-576x1024.jpg 576w, https:\/\/itetps.edu.sv\/wp-content\/uploads\/2025\/05\/MICROBIOLOGIA-1-1-169x300.jpg 169w, https:\/\/itetps.edu.sv\/wp-content\/uploads\/2025\/05\/MICROBIOLOGIA-1-1-768x1365.jpg 768w, https:\/\/itetps.edu.sv\/wp-content\/uploads\/2025\/05\/MICROBIOLOGIA-1-1-864x1536.jpg 864w, https:\/\/itetps.edu.sv\/wp-content\/uploads\/2025\/05\/MICROBIOLOGIA-1-1.jpg 900w\" sizes=\"(max-width: 576px) 100vw, 576px\" \/>\t\t\t\t\t\t\t\t\t\t\t\t\t\t\t<\/div>\n\t\t\t\t<\/div>\n\t\t\t\t<div class=\"elementor-element elementor-element-31b6868 elementor-widget elementor-widget-image\" data-id=\"31b6868\" data-element_type=\"widget\" data-widget_type=\"image.default\">\n\t\t\t\t<div class=\"elementor-widget-container\">\n\t\t\t\t\t\t\t\t\t\t\t\t\t\t\t<img loading=\"lazy\" decoding=\"async\" width=\"576\" height=\"1024\" src=\"https:\/\/itetps.edu.sv\/wp-content\/uploads\/2025\/05\/MICROBIOLOGIA-2-576x1024.jpg\" class=\"attachment-large size-large wp-image-1371\" alt=\"\" srcset=\"https:\/\/itetps.edu.sv\/wp-content\/uploads\/2025\/05\/MICROBIOLOGIA-2-576x1024.jpg 576w, https:\/\/itetps.edu.sv\/wp-content\/uploads\/2025\/05\/MICROBIOLOGIA-2-169x300.jpg 169w, https:\/\/itetps.edu.sv\/wp-content\/uploads\/2025\/05\/MICROBIOLOGIA-2-768x1365.jpg 768w, https:\/\/itetps.edu.sv\/wp-content\/uploads\/2025\/05\/MICROBIOLOGIA-2-864x1536.jpg 864w, https:\/\/itetps.edu.sv\/wp-content\/uploads\/2025\/05\/MICROBIOLOGIA-2.jpg 900w\" sizes=\"(max-width: 576px) 100vw, 576px\" \/>\t\t\t\t\t\t\t\t\t\t\t\t\t\t\t<\/div>\n\t\t\t\t<\/div>\n\t\t\t\t<div class=\"elementor-element elementor-element-a4c5841 elementor-widget elementor-widget-image\" data-id=\"a4c5841\" data-element_type=\"widget\" data-widget_type=\"image.default\">\n\t\t\t\t<div class=\"elementor-widget-container\">\n\t\t\t\t\t\t\t\t\t\t\t\t\t\t\t<img loading=\"lazy\" decoding=\"async\" width=\"576\" height=\"1024\" src=\"https:\/\/itetps.edu.sv\/wp-content\/uploads\/2025\/05\/MICROBIOLOGIA-3-576x1024.jpg\" class=\"attachment-large size-large wp-image-1372\" alt=\"\" srcset=\"https:\/\/itetps.edu.sv\/wp-content\/uploads\/2025\/05\/MICROBIOLOGIA-3-576x1024.jpg 576w, https:\/\/itetps.edu.sv\/wp-content\/uploads\/2025\/05\/MICROBIOLOGIA-3-169x300.jpg 169w, https:\/\/itetps.edu.sv\/wp-content\/uploads\/2025\/05\/MICROBIOLOGIA-3-768x1365.jpg 768w, https:\/\/itetps.edu.sv\/wp-content\/uploads\/2025\/05\/MICROBIOLOGIA-3-864x1536.jpg 864w, https:\/\/itetps.edu.sv\/wp-content\/uploads\/2025\/05\/MICROBIOLOGIA-3.jpg 900w\" sizes=\"(max-width: 576px) 100vw, 576px\" \/>\t\t\t\t\t\t\t\t\t\t\t\t\t\t\t<\/div>\n\t\t\t\t<\/div>\n\t\t\t\t\t<\/div>\n\t\t\t\t<\/div>\n\t\t<div class=\"elementor-element elementor-element-c2f1d15 e-flex e-con-boxed e-con e-parent\" data-id=\"c2f1d15\" data-element_type=\"container\">\n\t\t\t\t\t<div class=\"e-con-inner\">\n\t\t\t\t\t<\/div>\n\t\t\t\t<\/div>\n\t\t<div class=\"elementor-element elementor-element-71e9799 e-flex e-con-boxed e-con e-parent\" data-id=\"71e9799\" data-element_type=\"container\">\n\t\t\t\t\t<div class=\"e-con-inner\">\n\t\t\t\t<div class=\"elementor-element elementor-element-c1b11f9 elementor-widget elementor-widget-heading\" data-id=\"c1b11f9\" data-element_type=\"widget\" data-widget_type=\"heading.default\">\n\t\t\t\t<div class=\"elementor-widget-container\">\n\t\t\t\t\t<h2 class=\"elementor-heading-title elementor-size-default\">Nutrici\u00f3n<\/h2>\t\t\t\t<\/div>\n\t\t\t\t<\/div>\n\t\t\t\t\t<\/div>\n\t\t\t\t<\/div>\n\t\t<div class=\"elementor-element elementor-element-bb794c1 e-grid e-con-boxed e-con e-parent\" data-id=\"bb794c1\" data-element_type=\"container\">\n\t\t\t\t\t<div class=\"e-con-inner\">\n\t\t\t\t<div class=\"elementor-element elementor-element-d289415 elementor-widget elementor-widget-image\" data-id=\"d289415\" data-element_type=\"widget\" data-widget_type=\"image.default\">\n\t\t\t\t<div class=\"elementor-widget-container\">\n\t\t\t\t\t\t\t\t\t\t\t\t\t\t\t<img loading=\"lazy\" decoding=\"async\" width=\"1024\" height=\"474\" src=\"https:\/\/itetps.edu.sv\/wp-content\/uploads\/2025\/05\/486489319_1083347427167851_1256031421911828897_n-1024x474.jpg\" class=\"attachment-large size-large wp-image-1373\" alt=\"\" srcset=\"https:\/\/itetps.edu.sv\/wp-content\/uploads\/2025\/05\/486489319_1083347427167851_1256031421911828897_n-1024x474.jpg 1024w, https:\/\/itetps.edu.sv\/wp-content\/uploads\/2025\/05\/486489319_1083347427167851_1256031421911828897_n-300x139.jpg 300w, https:\/\/itetps.edu.sv\/wp-content\/uploads\/2025\/05\/486489319_1083347427167851_1256031421911828897_n-768x355.jpg 768w, https:\/\/itetps.edu.sv\/wp-content\/uploads\/2025\/05\/486489319_1083347427167851_1256031421911828897_n-1536x710.jpg 1536w, https:\/\/itetps.edu.sv\/wp-content\/uploads\/2025\/05\/486489319_1083347427167851_1256031421911828897_n-2048x947.jpg 2048w\" sizes=\"(max-width: 1024px) 100vw, 1024px\" \/>\t\t\t\t\t\t\t\t\t\t\t\t\t\t\t<\/div>\n\t\t\t\t<\/div>\n\t\t\t\t<div class=\"elementor-element elementor-element-94d6254 elementor-widget elementor-widget-image\" data-id=\"94d6254\" data-element_type=\"widget\" data-widget_type=\"image.default\">\n\t\t\t\t<div class=\"elementor-widget-container\">\n\t\t\t\t\t\t\t\t\t\t\t\t\t\t\t<img loading=\"lazy\" decoding=\"async\" width=\"1024\" height=\"473\" src=\"https:\/\/itetps.edu.sv\/wp-content\/uploads\/2025\/05\/487130107_1083347273834533_3147582773169359653_n-1024x473.jpg\" class=\"attachment-large size-large wp-image-1374\" alt=\"\" srcset=\"https:\/\/itetps.edu.sv\/wp-content\/uploads\/2025\/05\/487130107_1083347273834533_3147582773169359653_n-1024x473.jpg 1024w, https:\/\/itetps.edu.sv\/wp-content\/uploads\/2025\/05\/487130107_1083347273834533_3147582773169359653_n-300x139.jpg 300w, https:\/\/itetps.edu.sv\/wp-content\/uploads\/2025\/05\/487130107_1083347273834533_3147582773169359653_n-768x355.jpg 768w, https:\/\/itetps.edu.sv\/wp-content\/uploads\/2025\/05\/487130107_1083347273834533_3147582773169359653_n-1536x710.jpg 1536w, https:\/\/itetps.edu.sv\/wp-content\/uploads\/2025\/05\/487130107_1083347273834533_3147582773169359653_n-2048x946.jpg 2048w\" sizes=\"(max-width: 1024px) 100vw, 1024px\" \/>\t\t\t\t\t\t\t\t\t\t\t\t\t\t\t<\/div>\n\t\t\t\t<\/div>\n\t\t\t\t<div class=\"elementor-element elementor-element-b071d53 elementor-widget elementor-widget-image\" data-id=\"b071d53\" data-element_type=\"widget\" data-widget_type=\"image.default\">\n\t\t\t\t<div class=\"elementor-widget-container\">\n\t\t\t\t\t\t\t\t\t\t\t\t\t\t\t<img loading=\"lazy\" decoding=\"async\" width=\"1024\" height=\"576\" src=\"https:\/\/itetps.edu.sv\/wp-content\/uploads\/2025\/05\/NUTRICION-1024x576.jpeg\" class=\"attachment-large size-large wp-image-1375\" alt=\"\" srcset=\"https:\/\/itetps.edu.sv\/wp-content\/uploads\/2025\/05\/NUTRICION-1024x576.jpeg 1024w, https:\/\/itetps.edu.sv\/wp-content\/uploads\/2025\/05\/NUTRICION-300x169.jpeg 300w, https:\/\/itetps.edu.sv\/wp-content\/uploads\/2025\/05\/NUTRICION-768x432.jpeg 768w, https:\/\/itetps.edu.sv\/wp-content\/uploads\/2025\/05\/NUTRICION-1536x864.jpeg 1536w, https:\/\/itetps.edu.sv\/wp-content\/uploads\/2025\/05\/NUTRICION.jpeg 1600w\" sizes=\"(max-width: 1024px) 100vw, 1024px\" \/>\t\t\t\t\t\t\t\t\t\t\t\t\t\t\t<\/div>\n\t\t\t\t<\/div>\n\t\t\t\t\t<\/div>\n\t\t\t\t<\/div>\n\t\t\t\t<\/div>\n\t\t","protected":false},"excerpt":{"rendered":"<p>Laboratorio de Artes de Enfermer\u00eda Centro Quir\u00fargico Materno Infantil Microbiolog\u00eda Nutrici\u00f3n<\/p>\n","protected":false},"author":3,"featured_media":0,"parent":0,"menu_order":0,"comment_status":"closed","ping_status":"closed","template":"","meta":{"site-sidebar-layout":"no-sidebar","site-content-layout":"","ast-site-content-layout":"full-width-container","site-content-style":"default","site-sidebar-style":"default","ast-global-header-display":"","ast-banner-title-visibility":"","ast-main-header-display":"","ast-hfb-above-header-display":"","ast-hfb-below-header-display":"","ast-hfb-mobile-header-display":"","site-post-title":"disabled","ast-breadcrumbs-content":"","ast-featured-img":"disabled","footer-sml-layout":"","theme-transparent-header-meta":"","adv-header-id-meta":"","stick-header-meta":"","header-above-stick-meta":"","header-main-stick-meta":"","header-below-stick-meta":"","astra-migrate-meta-layouts":"default","ast-page-background-enabled":"default","ast-page-background-meta":{"desktop":{"background-color":"var(--ast-global-color-4)","background-image":"","background-repeat":"repeat","background-position":"center center","background-size":"auto","background-attachment":"scroll","background-type":"","background-media":"","overlay-type":"","overlay-color":"","overlay-opacity":"","overlay-gradient":""},"tablet":{"background-color":"","background-image":"","background-repeat":"repeat","background-position":"center center","background-size":"auto","background-attachment":"scroll","background-type":"","background-media":"","overlay-type":"","overlay-color":"","overlay-opacity":"","overlay-gradient":""},"mobile":{"background-color":"","background-image":"","background-repeat":"repeat","background-position":"center center","background-size":"auto","background-attachment":"scroll","background-type":"","background-media":"","overlay-type":"","overlay-color":"","overlay-opacity":"","overlay-gradient":""}},"ast-content-background-meta":{"desktop":{"background-color":"var(--ast-global-color-5)","background-image":"","background-repeat":"repeat","background-position":"center center","background-size":"auto","background-attachment":"scroll","background-type":"","background-media":"","overlay-type":"","overlay-color":"","overlay-opacity":"","overlay-gradient":""},"tablet":{"background-color":"var(--ast-global-color-5)","background-image":"","background-repeat":"repeat","background-position":"center center","background-size":"auto","background-attachment":"scroll","background-type":"","background-media":"","overlay-type":"","overlay-color":"","overlay-opacity":"","overlay-gradient":""},"mobile":{"background-color":"var(--ast-global-color-5)","background-image":"","background-repeat":"repeat","background-position":"center center","background-size":"auto","background-attachment":"scroll","background-type":"","background-media":"","overlay-type":"","overlay-color":"","overlay-opacity":"","overlay-gradient":""}},"footnotes":""},"class_list":["post-1358","page","type-page","status-publish","hentry"],"_links":{"self":[{"href":"https:\/\/itetps.edu.sv\/index.php?rest_route=\/wp\/v2\/pages\/1358","targetHints":{"allow":["GET"]}}],"collection":[{"href":"https:\/\/itetps.edu.sv\/index.php?rest_route=\/wp\/v2\/pages"}],"about":[{"href":"https:\/\/itetps.edu.sv\/index.php?rest_route=\/wp\/v2\/types\/page"}],"author":[{"embeddable":true,"href":"https:\/\/itetps.edu.sv\/index.php?rest_route=\/wp\/v2\/users\/3"}],"replies":[{"embeddable":true,"href":"https:\/\/itetps.edu.sv\/index.php?rest_route=%2Fwp%2Fv2%2Fcomments&post=1358"}],"version-history":[{"count":4,"href":"https:\/\/itetps.edu.sv\/index.php?rest_route=\/wp\/v2\/pages\/1358\/revisions"}],"predecessor-version":[{"id":1378,"href":"https:\/\/itetps.edu.sv\/index.php?rest_route=\/wp\/v2\/pages\/1358\/revisions\/1378"}],"wp:attachment":[{"href":"https:\/\/itetps.edu.sv\/index.php?rest_route=%2Fwp%2Fv2%2Fmedia&parent=1358"}],"curies":[{"name":"wp","href":"https:\/\/api.w.org\/{rel}","templated":true}]}}