{"id":1473,"date":"2025-05-01T20:09:04","date_gmt":"2025-05-01T20:09:04","guid":{"rendered":"https:\/\/itetps.edu.sv\/?page_id=1473"},"modified":"2025-05-01T20:16:59","modified_gmt":"2025-05-01T20:16:59","slug":"lessa","status":"publish","type":"page","link":"https:\/\/itetps.edu.sv\/?page_id=1473","title":{"rendered":"LESSA"},"content":{"rendered":"\t\t<div data-elementor-type=\"wp-page\" data-elementor-id=\"1473\" class=\"elementor elementor-1473\">\n\t\t\t\t<div class=\"elementor-element elementor-element-46c58e8 e-flex e-con-boxed e-con e-parent\" data-id=\"46c58e8\" data-element_type=\"container\">\n\t\t\t\t\t<div class=\"e-con-inner\">\n\t\t\t\t<div class=\"elementor-element elementor-element-43722a1 elementor-widget elementor-widget-heading\" data-id=\"43722a1\" data-element_type=\"widget\" data-widget_type=\"heading.default\">\n\t\t\t\t<div class=\"elementor-widget-container\">\n\t\t\t\t\t<h2 class=\"elementor-heading-title elementor-size-default\"><h1 class=\"elementor-heading-title elementor-size-default elementor-inline-editing pen\" data-elementor-setting-key=\"title\" data-pen-placeholder=\"Teclea aqu\u00ed...\" style=\"font-style: normal; font-weight: 600; outline-style: initial; outline-width: 0px; color: rgb(110, 193, 228); font-family: Roboto, sans-serif;\">Lengua de Se\u00f1as Salvadore\u00f1a (LESSA)<\/h1><\/h2>\t\t\t\t<\/div>\n\t\t\t\t<\/div>\n\t\t\t\t\t<\/div>\n\t\t\t\t<\/div>\n\t\t<div class=\"elementor-element elementor-element-3a93747 e-grid e-con-boxed e-con e-parent\" data-id=\"3a93747\" data-element_type=\"container\">\n\t\t\t\t\t<div class=\"e-con-inner\">\n\t\t\t\t<div class=\"elementor-element elementor-element-e601bb3 elementor-widget elementor-widget-text-editor\" data-id=\"e601bb3\" data-element_type=\"widget\" data-widget_type=\"text-editor.default\">\n\t\t\t\t<div class=\"elementor-widget-container\">\n\t\t\t\t\t\t\t\t\t<p>Proyecto que forma parte de La proyecci\u00f3n social desde el a\u00f1o 2007, cuyo objetivo es facilitar la oportunidad de aprender la comunicaci\u00f3n gesto visual de manera gratuita para poder tener una comunicaci\u00f3n efectiva con las personas con discapacidad auditiva; se desarrollar en LESSA B\u00c1SICO I y LESSA B\u00c1SICO II.<\/p><p>Las instituciones beneficiadas con este proyecto son la Corte Suprema de Justicia de El Salvador, Polic\u00eda Nacional Civil, Tin Mar\u00edn, Hospital Nacional &#8220;Dr. Jos\u00e9 Antonio Salda\u00f1a&#8221;, Ministerio de Salud regi\u00f3n Central, Hospital Nacional &#8220;Dr. Juan Jos\u00e9 Fern\u00e1ndez&#8221; Zacamil, estudiantes del nivel superior en enfermer\u00eda del Instituto Tecnol\u00f3gico Escuela T\u00e9cnica para la Salud, estudiantes del nivel de bachillerato en salud Escuela T\u00e9cnica para la Salud \u201cMar\u00eda Teresa Lang\u201d<\/p>\t\t\t\t\t\t\t\t<\/div>\n\t\t\t\t<\/div>\n\t\t\t\t<div class=\"elementor-element elementor-element-1a5cd18 elementor-widget elementor-widget-image\" data-id=\"1a5cd18\" data-element_type=\"widget\" data-widget_type=\"image.default\">\n\t\t\t\t<div class=\"elementor-widget-container\">\n\t\t\t\t\t\t\t\t\t\t\t\t\t\t\t<img fetchpriority=\"high\" decoding=\"async\" width=\"1024\" height=\"576\" src=\"https:\/\/itetps.edu.sv\/wp-content\/uploads\/2025\/05\/INSTITUTO-1024x576.jpg\" class=\"attachment-large size-large wp-image-1475\" alt=\"\" srcset=\"https:\/\/itetps.edu.sv\/wp-content\/uploads\/2025\/05\/INSTITUTO-1024x576.jpg 1024w, https:\/\/itetps.edu.sv\/wp-content\/uploads\/2025\/05\/INSTITUTO-300x169.jpg 300w, https:\/\/itetps.edu.sv\/wp-content\/uploads\/2025\/05\/INSTITUTO-768x432.jpg 768w, https:\/\/itetps.edu.sv\/wp-content\/uploads\/2025\/05\/INSTITUTO-1536x864.jpg 1536w, https:\/\/itetps.edu.sv\/wp-content\/uploads\/2025\/05\/INSTITUTO.jpg 1920w\" sizes=\"(max-width: 1024px) 100vw, 1024px\" \/>\t\t\t\t\t\t\t\t\t\t\t\t\t\t\t<\/div>\n\t\t\t\t<\/div>\n\t\t\t\t\t<\/div>\n\t\t\t\t<\/div>\n\t\t<div class=\"elementor-element elementor-element-1a54a96 e-flex e-con-boxed e-con e-parent\" data-id=\"1a54a96\" data-element_type=\"container\">\n\t\t\t\t\t<div class=\"e-con-inner\">\n\t\t<div class=\"elementor-element elementor-element-99cf651 e-con-full e-flex e-con e-child\" data-id=\"99cf651\" data-element_type=\"container\">\n\t\t\t\t<div class=\"elementor-element elementor-element-4aecb3a elementor-widget elementor-widget-image\" data-id=\"4aecb3a\" data-element_type=\"widget\" data-widget_type=\"image.default\">\n\t\t\t\t<div class=\"elementor-widget-container\">\n\t\t\t\t\t\t\t\t\t\t\t\t\t\t\t<img decoding=\"async\" width=\"1024\" height=\"723\" src=\"https:\/\/itetps.edu.sv\/wp-content\/uploads\/2025\/05\/465026139_8352711758174428_2822220383703957013_n-1024x723.jpg\" class=\"attachment-large size-large wp-image-1476\" alt=\"\" srcset=\"https:\/\/itetps.edu.sv\/wp-content\/uploads\/2025\/05\/465026139_8352711758174428_2822220383703957013_n-1024x723.jpg 1024w, https:\/\/itetps.edu.sv\/wp-content\/uploads\/2025\/05\/465026139_8352711758174428_2822220383703957013_n-300x212.jpg 300w, https:\/\/itetps.edu.sv\/wp-content\/uploads\/2025\/05\/465026139_8352711758174428_2822220383703957013_n-768x542.jpg 768w, https:\/\/itetps.edu.sv\/wp-content\/uploads\/2025\/05\/465026139_8352711758174428_2822220383703957013_n-1536x1085.jpg 1536w, https:\/\/itetps.edu.sv\/wp-content\/uploads\/2025\/05\/465026139_8352711758174428_2822220383703957013_n.jpg 2048w\" sizes=\"(max-width: 1024px) 100vw, 1024px\" \/>\t\t\t\t\t\t\t\t\t\t\t\t\t\t\t<\/div>\n\t\t\t\t<\/div>\n\t\t\t\t<\/div>\n\t\t<div class=\"elementor-element elementor-element-f2dfb8e e-con-full e-flex e-con e-child\" data-id=\"f2dfb8e\" data-element_type=\"container\">\n\t\t\t\t<div class=\"elementor-element elementor-element-5872dee elementor-widget elementor-widget-image\" data-id=\"5872dee\" data-element_type=\"widget\" data-widget_type=\"image.default\">\n\t\t\t\t<div class=\"elementor-widget-container\">\n\t\t\t\t\t\t\t\t\t\t\t\t\t\t\t<img decoding=\"async\" width=\"1024\" height=\"731\" src=\"https:\/\/itetps.edu.sv\/wp-content\/uploads\/2025\/05\/H-SALDANA-SEPTIEMBRE-2023-1024x731.jpg\" class=\"attachment-large size-large wp-image-1477\" alt=\"\" srcset=\"https:\/\/itetps.edu.sv\/wp-content\/uploads\/2025\/05\/H-SALDANA-SEPTIEMBRE-2023-1024x731.jpg 1024w, https:\/\/itetps.edu.sv\/wp-content\/uploads\/2025\/05\/H-SALDANA-SEPTIEMBRE-2023-300x214.jpg 300w, https:\/\/itetps.edu.sv\/wp-content\/uploads\/2025\/05\/H-SALDANA-SEPTIEMBRE-2023-768x548.jpg 768w, https:\/\/itetps.edu.sv\/wp-content\/uploads\/2025\/05\/H-SALDANA-SEPTIEMBRE-2023-1536x1096.jpg 1536w, https:\/\/itetps.edu.sv\/wp-content\/uploads\/2025\/05\/H-SALDANA-SEPTIEMBRE-2023.jpg 1600w\" sizes=\"(max-width: 1024px) 100vw, 1024px\" \/>\t\t\t\t\t\t\t\t\t\t\t\t\t\t\t<\/div>\n\t\t\t\t<\/div>\n\t\t\t\t<\/div>\n\t\t<div class=\"elementor-element elementor-element-adf9eb8 e-con-full e-flex e-con e-child\" data-id=\"adf9eb8\" data-element_type=\"container\">\n\t\t\t\t<div class=\"elementor-element elementor-element-f67b793 elementor-widget elementor-widget-image\" data-id=\"f67b793\" data-element_type=\"widget\" data-widget_type=\"image.default\">\n\t\t\t\t<div class=\"elementor-widget-container\">\n\t\t\t\t\t\t\t\t\t\t\t\t\t\t\t<img loading=\"lazy\" decoding=\"async\" width=\"1024\" height=\"743\" src=\"https:\/\/itetps.edu.sv\/wp-content\/uploads\/2025\/05\/LESSA-TIN-MARIN-ENERO-2024-1024x743.jpg\" class=\"attachment-large size-large wp-image-1478\" alt=\"\" srcset=\"https:\/\/itetps.edu.sv\/wp-content\/uploads\/2025\/05\/LESSA-TIN-MARIN-ENERO-2024-1024x743.jpg 1024w, https:\/\/itetps.edu.sv\/wp-content\/uploads\/2025\/05\/LESSA-TIN-MARIN-ENERO-2024-300x218.jpg 300w, https:\/\/itetps.edu.sv\/wp-content\/uploads\/2025\/05\/LESSA-TIN-MARIN-ENERO-2024-768x557.jpg 768w, https:\/\/itetps.edu.sv\/wp-content\/uploads\/2025\/05\/LESSA-TIN-MARIN-ENERO-2024.jpg 1240w\" sizes=\"(max-width: 1024px) 100vw, 1024px\" \/>\t\t\t\t\t\t\t\t\t\t\t\t\t\t\t<\/div>\n\t\t\t\t<\/div>\n\t\t\t\t<\/div>\n\t\t<div class=\"elementor-element elementor-element-378982d e-con-full e-flex e-con e-child\" data-id=\"378982d\" data-element_type=\"container\">\n\t\t\t\t<div class=\"elementor-element elementor-element-9d66035 elementor-widget elementor-widget-image\" data-id=\"9d66035\" data-element_type=\"widget\" data-widget_type=\"image.default\">\n\t\t\t\t<div class=\"elementor-widget-container\">\n\t\t\t\t\t\t\t\t\t\t\t\t\t\t\t<img loading=\"lazy\" decoding=\"async\" width=\"960\" height=\"540\" src=\"https:\/\/itetps.edu.sv\/wp-content\/uploads\/2025\/05\/HOSPITAL-SALDANA-SETPTIEMBRE-2024.jpg\" class=\"attachment-large size-large wp-image-1479\" alt=\"\" srcset=\"https:\/\/itetps.edu.sv\/wp-content\/uploads\/2025\/05\/HOSPITAL-SALDANA-SETPTIEMBRE-2024.jpg 960w, https:\/\/itetps.edu.sv\/wp-content\/uploads\/2025\/05\/HOSPITAL-SALDANA-SETPTIEMBRE-2024-300x169.jpg 300w, https:\/\/itetps.edu.sv\/wp-content\/uploads\/2025\/05\/HOSPITAL-SALDANA-SETPTIEMBRE-2024-768x432.jpg 768w\" sizes=\"(max-width: 960px) 100vw, 960px\" \/>\t\t\t\t\t\t\t\t\t\t\t\t\t\t\t<\/div>\n\t\t\t\t<\/div>\n\t\t\t\t<\/div>\n\t\t\t\t\t<\/div>\n\t\t\t\t<\/div>\n\t\t\t\t<\/div>\n\t\t","protected":false},"excerpt":{"rendered":"<p>Lengua de Se\u00f1as Salvadore\u00f1a (LESSA) Proyecto que forma parte de La proyecci\u00f3n social desde el a\u00f1o 2007, cuyo objetivo es [&hellip;]<\/p>\n","protected":false},"author":3,"featured_media":0,"parent":0,"menu_order":0,"comment_status":"closed","ping_status":"closed","template":"","meta":{"site-sidebar-layout":"no-sidebar","site-content-layout":"","ast-site-content-layout":"full-width-container","site-content-style":"default","site-sidebar-style":"default","ast-global-header-display":"","ast-banner-title-visibility":"","ast-main-header-display":"","ast-hfb-above-header-display":"","ast-hfb-below-header-display":"","ast-hfb-mobile-header-display":"","site-post-title":"disabled","ast-breadcrumbs-content":"","ast-featured-img":"disabled","footer-sml-layout":"","theme-transparent-header-meta":"","adv-header-id-meta":"","stick-header-meta":"","header-above-stick-meta":"","header-main-stick-meta":"","header-below-stick-meta":"","astra-migrate-meta-layouts":"default","ast-page-background-enabled":"default","ast-page-background-meta":{"desktop":{"background-color":"var(--ast-global-color-4)","background-image":"","background-repeat":"repeat","background-position":"center center","background-size":"auto","background-attachment":"scroll","background-type":"","background-media":"","overlay-type":"","overlay-color":"","overlay-opacity":"","overlay-gradient":""},"tablet":{"background-color":"","background-image":"","background-repeat":"repeat","background-position":"center center","background-size":"auto","background-attachment":"scroll","background-type":"","background-media":"","overlay-type":"","overlay-color":"","overlay-opacity":"","overlay-gradient":""},"mobile":{"background-color":"","background-image":"","background-repeat":"repeat","background-position":"center center","background-size":"auto","background-attachment":"scroll","background-type":"","background-media":"","overlay-type":"","overlay-color":"","overlay-opacity":"","overlay-gradient":""}},"ast-content-background-meta":{"desktop":{"background-color":"var(--ast-global-color-5)","background-image":"","background-repeat":"repeat","background-position":"center center","background-size":"auto","background-attachment":"scroll","background-type":"","background-media":"","overlay-type":"","overlay-color":"","overlay-opacity":"","overlay-gradient":""},"tablet":{"background-color":"var(--ast-global-color-5)","background-image":"","background-repeat":"repeat","background-position":"center center","background-size":"auto","background-attachment":"scroll","background-type":"","background-media":"","overlay-type":"","overlay-color":"","overlay-opacity":"","overlay-gradient":""},"mobile":{"background-color":"var(--ast-global-color-5)","background-image":"","background-repeat":"repeat","background-position":"center center","background-size":"auto","background-attachment":"scroll","background-type":"","background-media":"","overlay-type":"","overlay-color":"","overlay-opacity":"","overlay-gradient":""}},"footnotes":""},"class_list":["post-1473","page","type-page","status-publish","hentry"],"_links":{"self":[{"href":"https:\/\/itetps.edu.sv\/index.php?rest_route=\/wp\/v2\/pages\/1473","targetHints":{"allow":["GET"]}}],"collection":[{"href":"https:\/\/itetps.edu.sv\/index.php?rest_route=\/wp\/v2\/pages"}],"about":[{"href":"https:\/\/itetps.edu.sv\/index.php?rest_route=\/wp\/v2\/types\/page"}],"author":[{"embeddable":true,"href":"https:\/\/itetps.edu.sv\/index.php?rest_route=\/wp\/v2\/users\/3"}],"replies":[{"embeddable":true,"href":"https:\/\/itetps.edu.sv\/index.php?rest_route=%2Fwp%2Fv2%2Fcomments&post=1473"}],"version-history":[{"count":4,"href":"https:\/\/itetps.edu.sv\/index.php?rest_route=\/wp\/v2\/pages\/1473\/revisions"}],"predecessor-version":[{"id":1482,"href":"https:\/\/itetps.edu.sv\/index.php?rest_route=\/wp\/v2\/pages\/1473\/revisions\/1482"}],"wp:attachment":[{"href":"https:\/\/itetps.edu.sv\/index.php?rest_route=%2Fwp%2Fv2%2Fmedia&parent=1473"}],"curies":[{"name":"wp","href":"https:\/\/api.w.org\/{rel}","templated":true}]}}