{"id":1483,"date":"2025-05-01T20:23:37","date_gmt":"2025-05-01T20:23:37","guid":{"rendered":"https:\/\/itetps.edu.sv\/?page_id=1483"},"modified":"2025-05-01T20:25:32","modified_gmt":"2025-05-01T20:25:32","slug":"protesis","status":"publish","type":"page","link":"https:\/\/itetps.edu.sv\/?page_id=1483","title":{"rendered":"protesis"},"content":{"rendered":"\t\t<div data-elementor-type=\"wp-page\" data-elementor-id=\"1483\" class=\"elementor elementor-1483\">\n\t\t\t\t<div class=\"elementor-element elementor-element-3f04b99 e-flex e-con-boxed e-con e-parent\" data-id=\"3f04b99\" data-element_type=\"container\">\n\t\t\t\t\t<div class=\"e-con-inner\">\n\t\t\t\t<div class=\"elementor-element elementor-element-e6e2095 elementor-widget elementor-widget-heading\" data-id=\"e6e2095\" data-element_type=\"widget\" data-widget_type=\"heading.default\">\n\t\t\t\t<div class=\"elementor-widget-container\">\n\t\t\t\t\t<h2 class=\"elementor-heading-title elementor-size-default\">Entrega de Protesis de mama Artesanales<\/h2>\t\t\t\t<\/div>\n\t\t\t\t<\/div>\n\t\t\t\t\t<\/div>\n\t\t\t\t<\/div>\n\t\t<div class=\"elementor-element elementor-element-594b7b0 e-flex e-con-boxed e-con e-parent\" data-id=\"594b7b0\" data-element_type=\"container\">\n\t\t\t\t\t<div class=\"e-con-inner\">\n\t\t\t\t<div class=\"elementor-element elementor-element-f142ae9 elementor-widget elementor-widget-text-editor\" data-id=\"f142ae9\" data-element_type=\"widget\" data-widget_type=\"text-editor.default\">\n\t\t\t\t<div class=\"elementor-widget-container\">\n\t\t\t\t\t\t\t\t\t<p>Un proyecto de innovaci\u00f3n que la instituci\u00f3n realiza es el \u201cPROGRAMA DE ELABORACI\u00d3N Y ENTREGA DE PR\u00d3TESIS MAMARIAS A MUJERES MASCTECTOMIZADAS\u201d, con el que se beneficia a mujeres sobrevivientes de c\u00e1ncer de mama, el cual consiste en la elaboraci\u00f3n artesanal de mamas y son entregadas de manera gratuita a qui\u00e9nes las solicitan, ya que se da a conocer este programa a la comunidad educativa y en el sector salud, como parte de su proyecci\u00f3n social. Dentro del proyecto se tiene la participaci\u00f3n de los estudiantes, personal m\u00e9dico y psicol\u00f3gico de la instituci\u00f3n qui\u00e9nes dan orientaci\u00f3n, charlas de autoestima y cuidados espec\u00edficos a las mujeres beneficiadas.<\/p>\t\t\t\t\t\t\t\t<\/div>\n\t\t\t\t<\/div>\n\t\t\t\t\t<\/div>\n\t\t\t\t<\/div>\n\t\t<div class=\"elementor-element elementor-element-bb92981 e-flex e-con-boxed e-con e-parent\" data-id=\"bb92981\" data-element_type=\"container\">\n\t\t\t\t\t<div class=\"e-con-inner\">\n\t\t<div class=\"elementor-element elementor-element-f2fe9b1 e-con-full e-flex e-con e-child\" data-id=\"f2fe9b1\" data-element_type=\"container\">\n\t\t\t\t<div class=\"elementor-element elementor-element-7831750 elementor-widget elementor-widget-image\" data-id=\"7831750\" data-element_type=\"widget\" data-widget_type=\"image.default\">\n\t\t\t\t<div class=\"elementor-widget-container\">\n\t\t\t\t\t\t\t\t\t\t\t\t\t\t\t<img fetchpriority=\"high\" decoding=\"async\" width=\"1024\" height=\"768\" src=\"https:\/\/itetps.edu.sv\/wp-content\/uploads\/2025\/05\/9b6d25be-4a94-4c97-9c6c-402d602cefb1-modified-1024x768.jpg\" class=\"attachment-large size-large wp-image-1486\" alt=\"\" srcset=\"https:\/\/itetps.edu.sv\/wp-content\/uploads\/2025\/05\/9b6d25be-4a94-4c97-9c6c-402d602cefb1-modified-1024x768.jpg 1024w, https:\/\/itetps.edu.sv\/wp-content\/uploads\/2025\/05\/9b6d25be-4a94-4c97-9c6c-402d602cefb1-modified-300x225.jpg 300w, https:\/\/itetps.edu.sv\/wp-content\/uploads\/2025\/05\/9b6d25be-4a94-4c97-9c6c-402d602cefb1-modified-768x576.jpg 768w, https:\/\/itetps.edu.sv\/wp-content\/uploads\/2025\/05\/9b6d25be-4a94-4c97-9c6c-402d602cefb1-modified.jpg 1080w\" sizes=\"(max-width: 1024px) 100vw, 1024px\" \/>\t\t\t\t\t\t\t\t\t\t\t\t\t\t\t<\/div>\n\t\t\t\t<\/div>\n\t\t\t\t<\/div>\n\t\t<div class=\"elementor-element elementor-element-9d90cda e-con-full e-flex e-con e-child\" data-id=\"9d90cda\" data-element_type=\"container\">\n\t\t\t\t<div class=\"elementor-element elementor-element-3cde957 elementor-widget elementor-widget-image\" data-id=\"3cde957\" data-element_type=\"widget\" data-widget_type=\"image.default\">\n\t\t\t\t<div class=\"elementor-widget-container\">\n\t\t\t\t\t\t\t\t\t\t\t\t\t\t\t<img decoding=\"async\" width=\"1024\" height=\"768\" src=\"https:\/\/itetps.edu.sv\/wp-content\/uploads\/2025\/05\/8c95d89f-e819-49b4-9f25-8d6d720254dd-modified-1024x768.jpg\" class=\"attachment-large size-large wp-image-1485\" alt=\"\" srcset=\"https:\/\/itetps.edu.sv\/wp-content\/uploads\/2025\/05\/8c95d89f-e819-49b4-9f25-8d6d720254dd-modified-1024x768.jpg 1024w, https:\/\/itetps.edu.sv\/wp-content\/uploads\/2025\/05\/8c95d89f-e819-49b4-9f25-8d6d720254dd-modified-300x225.jpg 300w, https:\/\/itetps.edu.sv\/wp-content\/uploads\/2025\/05\/8c95d89f-e819-49b4-9f25-8d6d720254dd-modified-768x576.jpg 768w, https:\/\/itetps.edu.sv\/wp-content\/uploads\/2025\/05\/8c95d89f-e819-49b4-9f25-8d6d720254dd-modified.jpg 1440w\" sizes=\"(max-width: 1024px) 100vw, 1024px\" \/>\t\t\t\t\t\t\t\t\t\t\t\t\t\t\t<\/div>\n\t\t\t\t<\/div>\n\t\t\t\t<\/div>\n\t\t<div class=\"elementor-element elementor-element-66c6601 e-con-full e-flex e-con e-child\" data-id=\"66c6601\" data-element_type=\"container\">\n\t\t\t\t<div class=\"elementor-element elementor-element-1a3dcf3 elementor-widget elementor-widget-image\" data-id=\"1a3dcf3\" data-element_type=\"widget\" data-widget_type=\"image.default\">\n\t\t\t\t<div class=\"elementor-widget-container\">\n\t\t\t\t\t\t\t\t\t\t\t\t\t\t\t<img decoding=\"async\" width=\"940\" height=\"782\" src=\"https:\/\/itetps.edu.sv\/wp-content\/uploads\/2025\/05\/488048141_1088701679965759_5190646922460241054_n.jpg\" class=\"attachment-large size-large wp-image-1487\" alt=\"\" srcset=\"https:\/\/itetps.edu.sv\/wp-content\/uploads\/2025\/05\/488048141_1088701679965759_5190646922460241054_n.jpg 940w, https:\/\/itetps.edu.sv\/wp-content\/uploads\/2025\/05\/488048141_1088701679965759_5190646922460241054_n-300x250.jpg 300w, https:\/\/itetps.edu.sv\/wp-content\/uploads\/2025\/05\/488048141_1088701679965759_5190646922460241054_n-768x639.jpg 768w\" sizes=\"(max-width: 940px) 100vw, 940px\" \/>\t\t\t\t\t\t\t\t\t\t\t\t\t\t\t<\/div>\n\t\t\t\t<\/div>\n\t\t\t\t<\/div>\n\t\t\t\t\t<\/div>\n\t\t\t\t<\/div>\n\t\t\t\t<\/div>\n\t\t","protected":false},"excerpt":{"rendered":"<p>Entrega de Protesis de mama Artesanales Un proyecto de innovaci\u00f3n que la instituci\u00f3n realiza es el \u201cPROGRAMA DE ELABORACI\u00d3N Y [&hellip;]<\/p>\n","protected":false},"author":3,"featured_media":0,"parent":0,"menu_order":0,"comment_status":"closed","ping_status":"closed","template":"","meta":{"site-sidebar-layout":"no-sidebar","site-content-layout":"","ast-site-content-layout":"full-width-container","site-content-style":"default","site-sidebar-style":"default","ast-global-header-display":"","ast-banner-title-visibility":"","ast-main-header-display":"","ast-hfb-above-header-display":"","ast-hfb-below-header-display":"","ast-hfb-mobile-header-display":"","site-post-title":"disabled","ast-breadcrumbs-content":"","ast-featured-img":"disabled","footer-sml-layout":"","theme-transparent-header-meta":"","adv-header-id-meta":"","stick-header-meta":"","header-above-stick-meta":"","header-main-stick-meta":"","header-below-stick-meta":"","astra-migrate-meta-layouts":"default","ast-page-background-enabled":"default","ast-page-background-meta":{"desktop":{"background-color":"var(--ast-global-color-4)","background-image":"","background-repeat":"repeat","background-position":"center center","background-size":"auto","background-attachment":"scroll","background-type":"","background-media":"","overlay-type":"","overlay-color":"","overlay-opacity":"","overlay-gradient":""},"tablet":{"background-color":"","background-image":"","background-repeat":"repeat","background-position":"center center","background-size":"auto","background-attachment":"scroll","background-type":"","background-media":"","overlay-type":"","overlay-color":"","overlay-opacity":"","overlay-gradient":""},"mobile":{"background-color":"","background-image":"","background-repeat":"repeat","background-position":"center center","background-size":"auto","background-attachment":"scroll","background-type":"","background-media":"","overlay-type":"","overlay-color":"","overlay-opacity":"","overlay-gradient":""}},"ast-content-background-meta":{"desktop":{"background-color":"var(--ast-global-color-5)","background-image":"","background-repeat":"repeat","background-position":"center center","background-size":"auto","background-attachment":"scroll","background-type":"","background-media":"","overlay-type":"","overlay-color":"","overlay-opacity":"","overlay-gradient":""},"tablet":{"background-color":"var(--ast-global-color-5)","background-image":"","background-repeat":"repeat","background-position":"center center","background-size":"auto","background-attachment":"scroll","background-type":"","background-media":"","overlay-type":"","overlay-color":"","overlay-opacity":"","overlay-gradient":""},"mobile":{"background-color":"var(--ast-global-color-5)","background-image":"","background-repeat":"repeat","background-position":"center center","background-size":"auto","background-attachment":"scroll","background-type":"","background-media":"","overlay-type":"","overlay-color":"","overlay-opacity":"","overlay-gradient":""}},"footnotes":""},"class_list":["post-1483","page","type-page","status-publish","hentry"],"_links":{"self":[{"href":"https:\/\/itetps.edu.sv\/index.php?rest_route=\/wp\/v2\/pages\/1483","targetHints":{"allow":["GET"]}}],"collection":[{"href":"https:\/\/itetps.edu.sv\/index.php?rest_route=\/wp\/v2\/pages"}],"about":[{"href":"https:\/\/itetps.edu.sv\/index.php?rest_route=\/wp\/v2\/types\/page"}],"author":[{"embeddable":true,"href":"https:\/\/itetps.edu.sv\/index.php?rest_route=\/wp\/v2\/users\/3"}],"replies":[{"embeddable":true,"href":"https:\/\/itetps.edu.sv\/index.php?rest_route=%2Fwp%2Fv2%2Fcomments&post=1483"}],"version-history":[{"count":4,"href":"https:\/\/itetps.edu.sv\/index.php?rest_route=\/wp\/v2\/pages\/1483\/revisions"}],"predecessor-version":[{"id":1490,"href":"https:\/\/itetps.edu.sv\/index.php?rest_route=\/wp\/v2\/pages\/1483\/revisions\/1490"}],"wp:attachment":[{"href":"https:\/\/itetps.edu.sv\/index.php?rest_route=%2Fwp%2Fv2%2Fmedia&parent=1483"}],"curies":[{"name":"wp","href":"https:\/\/api.w.org\/{rel}","templated":true}]}}