{"id":1501,"date":"2025-05-02T04:44:29","date_gmt":"2025-05-02T04:44:29","guid":{"rendered":"https:\/\/itetps.edu.sv\/?page_id=1501"},"modified":"2025-05-02T04:53:45","modified_gmt":"2025-05-02T04:53:45","slug":"bienestar-estudiantil","status":"publish","type":"page","link":"https:\/\/itetps.edu.sv\/?page_id=1501","title":{"rendered":"bienestar estudiantil"},"content":{"rendered":"\t\t<div data-elementor-type=\"wp-page\" data-elementor-id=\"1501\" class=\"elementor elementor-1501\">\n\t\t\t\t<div class=\"elementor-element elementor-element-ade2424 e-flex e-con-boxed e-con e-parent\" data-id=\"ade2424\" data-element_type=\"container\">\n\t\t\t\t\t<div class=\"e-con-inner\">\n\t\t\t\t<div class=\"elementor-element elementor-element-754254f elementor-widget elementor-widget-heading\" data-id=\"754254f\" data-element_type=\"widget\" data-widget_type=\"heading.default\">\n\t\t\t\t<div class=\"elementor-widget-container\">\n\t\t\t\t\t<h2 class=\"elementor-heading-title elementor-size-default\">Cl\u00ednica M\u00e9dica<\/h2>\t\t\t\t<\/div>\n\t\t\t\t<\/div>\n\t\t\t\t\t<\/div>\n\t\t\t\t<\/div>\n\t\t<div class=\"elementor-element elementor-element-351955d e-flex e-con-boxed e-con e-parent\" data-id=\"351955d\" data-element_type=\"container\">\n\t\t\t\t\t<div class=\"e-con-inner\">\n\t\t\t\t<div class=\"elementor-element elementor-element-ee2beee elementor-widget elementor-widget-text-editor\" data-id=\"ee2beee\" data-element_type=\"widget\" data-widget_type=\"text-editor.default\">\n\t\t\t\t<div class=\"elementor-widget-container\">\n\t\t\t\t\t\t\t\t\t<p>Brindar asistencia m\u00e9dica general a usuarios de la instituci\u00f3n (estudiantes, personal docente y administrativo; familiares de estos y personas beneficiadas por la unidad de proyecci\u00f3n social y apoyar el programa educando para la salud como parte de la proyecci\u00f3n social que impulsa el instituto.<\/p>\t\t\t\t\t\t\t\t<\/div>\n\t\t\t\t<\/div>\n\t\t\t\t\t<\/div>\n\t\t\t\t<\/div>\n\t\t<div class=\"elementor-element elementor-element-5b3937e e-flex e-con-boxed e-con e-parent\" data-id=\"5b3937e\" data-element_type=\"container\">\n\t\t\t\t\t<div class=\"e-con-inner\">\n\t\t<div class=\"elementor-element elementor-element-0b96712 e-con-full e-flex e-con e-child\" data-id=\"0b96712\" data-element_type=\"container\">\n\t\t\t\t<div class=\"elementor-element elementor-element-62c370f elementor-widget elementor-widget-image\" data-id=\"62c370f\" data-element_type=\"widget\" data-widget_type=\"image.default\">\n\t\t\t\t<div class=\"elementor-widget-container\">\n\t\t\t\t\t\t\t\t\t\t\t\t\t\t\t<img fetchpriority=\"high\" decoding=\"async\" width=\"768\" height=\"1024\" src=\"https:\/\/itetps.edu.sv\/wp-content\/uploads\/2025\/05\/c12eaf1d-8228-465d-bb96-965e9f0c4385-modified-768x1024.jpg\" class=\"attachment-large size-large wp-image-1503\" alt=\"\" srcset=\"https:\/\/itetps.edu.sv\/wp-content\/uploads\/2025\/05\/c12eaf1d-8228-465d-bb96-965e9f0c4385-modified-768x1024.jpg 768w, https:\/\/itetps.edu.sv\/wp-content\/uploads\/2025\/05\/c12eaf1d-8228-465d-bb96-965e9f0c4385-modified-225x300.jpg 225w, https:\/\/itetps.edu.sv\/wp-content\/uploads\/2025\/05\/c12eaf1d-8228-465d-bb96-965e9f0c4385-modified-1152x1536.jpg 1152w, https:\/\/itetps.edu.sv\/wp-content\/uploads\/2025\/05\/c12eaf1d-8228-465d-bb96-965e9f0c4385-modified-1536x2048.jpg 1536w, https:\/\/itetps.edu.sv\/wp-content\/uploads\/2025\/05\/c12eaf1d-8228-465d-bb96-965e9f0c4385-modified-scaled.jpg 1920w\" sizes=\"(max-width: 768px) 100vw, 768px\" \/>\t\t\t\t\t\t\t\t\t\t\t\t\t\t\t<\/div>\n\t\t\t\t<\/div>\n\t\t\t\t<\/div>\n\t\t<div class=\"elementor-element elementor-element-0e536eb e-con-full e-flex e-con e-child\" data-id=\"0e536eb\" data-element_type=\"container\">\n\t\t\t\t<div class=\"elementor-element elementor-element-6a63dea elementor-widget elementor-widget-image\" data-id=\"6a63dea\" data-element_type=\"widget\" data-widget_type=\"image.default\">\n\t\t\t\t<div class=\"elementor-widget-container\">\n\t\t\t\t\t\t\t\t\t\t\t\t\t\t\t<img decoding=\"async\" width=\"520\" height=\"345\" src=\"https:\/\/itetps.edu.sv\/wp-content\/uploads\/2025\/05\/img462-modified.jpg\" class=\"attachment-large size-large wp-image-1505\" alt=\"\" srcset=\"https:\/\/itetps.edu.sv\/wp-content\/uploads\/2025\/05\/img462-modified.jpg 520w, https:\/\/itetps.edu.sv\/wp-content\/uploads\/2025\/05\/img462-modified-300x199.jpg 300w\" sizes=\"(max-width: 520px) 100vw, 520px\" \/>\t\t\t\t\t\t\t\t\t\t\t\t\t\t\t<\/div>\n\t\t\t\t<\/div>\n\t\t\t\t<\/div>\n\t\t<div class=\"elementor-element elementor-element-11d6c02 e-con-full e-flex e-con e-child\" data-id=\"11d6c02\" data-element_type=\"container\">\n\t\t\t\t<div class=\"elementor-element elementor-element-1ad6311 elementor-widget elementor-widget-image\" data-id=\"1ad6311\" data-element_type=\"widget\" data-widget_type=\"image.default\">\n\t\t\t\t<div class=\"elementor-widget-container\">\n\t\t\t\t\t\t\t\t\t\t\t\t\t\t\t<img fetchpriority=\"high\" decoding=\"async\" width=\"768\" height=\"1024\" src=\"https:\/\/itetps.edu.sv\/wp-content\/uploads\/2025\/05\/c12eaf1d-8228-465d-bb96-965e9f0c4385-modified-768x1024.jpg\" class=\"attachment-large size-large wp-image-1503\" alt=\"\" srcset=\"https:\/\/itetps.edu.sv\/wp-content\/uploads\/2025\/05\/c12eaf1d-8228-465d-bb96-965e9f0c4385-modified-768x1024.jpg 768w, https:\/\/itetps.edu.sv\/wp-content\/uploads\/2025\/05\/c12eaf1d-8228-465d-bb96-965e9f0c4385-modified-225x300.jpg 225w, https:\/\/itetps.edu.sv\/wp-content\/uploads\/2025\/05\/c12eaf1d-8228-465d-bb96-965e9f0c4385-modified-1152x1536.jpg 1152w, https:\/\/itetps.edu.sv\/wp-content\/uploads\/2025\/05\/c12eaf1d-8228-465d-bb96-965e9f0c4385-modified-1536x2048.jpg 1536w, https:\/\/itetps.edu.sv\/wp-content\/uploads\/2025\/05\/c12eaf1d-8228-465d-bb96-965e9f0c4385-modified-scaled.jpg 1920w\" sizes=\"(max-width: 768px) 100vw, 768px\" \/>\t\t\t\t\t\t\t\t\t\t\t\t\t\t\t<\/div>\n\t\t\t\t<\/div>\n\t\t\t\t<\/div>\n\t\t\t\t\t<\/div>\n\t\t\t\t<\/div>\n\t\t<div class=\"elementor-element elementor-element-1f0a623 e-flex e-con-boxed e-con e-parent\" data-id=\"1f0a623\" data-element_type=\"container\">\n\t\t\t\t\t<div class=\"e-con-inner\">\n\t\t\t\t<div class=\"elementor-element elementor-element-b031a2e elementor-widget-divider--view-line elementor-widget elementor-widget-divider\" data-id=\"b031a2e\" data-element_type=\"widget\" data-widget_type=\"divider.default\">\n\t\t\t\t<div class=\"elementor-widget-container\">\n\t\t\t\t\t\t\t<div class=\"elementor-divider\">\n\t\t\t<span class=\"elementor-divider-separator\">\n\t\t\t\t\t\t<\/span>\n\t\t<\/div>\n\t\t\t\t\t\t<\/div>\n\t\t\t\t<\/div>\n\t\t\t\t\t<\/div>\n\t\t\t\t<\/div>\n\t\t<div class=\"elementor-element elementor-element-875ee25 e-flex e-con-boxed e-con e-parent\" data-id=\"875ee25\" data-element_type=\"container\">\n\t\t\t\t\t<div class=\"e-con-inner\">\n\t\t\t\t<div class=\"elementor-element elementor-element-dce767d elementor-widget elementor-widget-heading\" data-id=\"dce767d\" data-element_type=\"widget\" data-widget_type=\"heading.default\">\n\t\t\t\t<div class=\"elementor-widget-container\">\n\t\t\t\t\t<h2 class=\"elementor-heading-title elementor-size-default\">Cl\u00ednica Psicol\u00f3gica<\/h2>\t\t\t\t<\/div>\n\t\t\t\t<\/div>\n\t\t\t\t\t<\/div>\n\t\t\t\t<\/div>\n\t\t<div class=\"elementor-element elementor-element-26a37ec e-flex e-con-boxed e-con e-parent\" data-id=\"26a37ec\" data-element_type=\"container\">\n\t\t\t\t\t<div class=\"e-con-inner\">\n\t\t\t\t<div class=\"elementor-element elementor-element-be80035 elementor-widget elementor-widget-text-editor\" data-id=\"be80035\" data-element_type=\"widget\" data-widget_type=\"text-editor.default\">\n\t\t\t\t<div class=\"elementor-widget-container\">\n\t\t\t\t\t\t\t\t\t<ul><li>Brindar atenci\u00f3n psicol\u00f3gica y tratamiento a usuarios de la comunidad educativa y a particulares beneficiados con los proyectos sociales de la instituci\u00f3n.<\/li><li>Dicha unidad es responsable de atender a la comunidad educativa mediantes programas de asistencia psicol\u00f3gica y psicopedag\u00f3gica, en la parte de salud mental se desarrollan diversas actividades, entre ellas las jornadas recreativas.<\/li><\/ul>\t\t\t\t\t\t\t\t<\/div>\n\t\t\t\t<\/div>\n\t\t\t\t\t<\/div>\n\t\t\t\t<\/div>\n\t\t<div class=\"elementor-element elementor-element-0a279d3 e-flex e-con-boxed e-con e-parent\" data-id=\"0a279d3\" data-element_type=\"container\">\n\t\t\t\t\t<div class=\"e-con-inner\">\n\t\t<div class=\"elementor-element elementor-element-5859720 e-con-full e-flex e-con e-child\" data-id=\"5859720\" data-element_type=\"container\">\n\t\t\t\t<div class=\"elementor-element elementor-element-e1e9df2 elementor-widget elementor-widget-image\" data-id=\"e1e9df2\" data-element_type=\"widget\" data-widget_type=\"image.default\">\n\t\t\t\t<div class=\"elementor-widget-container\">\n\t\t\t\t\t\t\t\t\t\t\t\t\t\t\t<img decoding=\"async\" width=\"1024\" height=\"768\" src=\"https:\/\/itetps.edu.sv\/wp-content\/uploads\/2025\/05\/f73f4526-1b9c-4784-bdeb-904aefbb573c-modified-1024x768.jpg\" class=\"attachment-large size-large wp-image-1507\" alt=\"\" srcset=\"https:\/\/itetps.edu.sv\/wp-content\/uploads\/2025\/05\/f73f4526-1b9c-4784-bdeb-904aefbb573c-modified-1024x768.jpg 1024w, https:\/\/itetps.edu.sv\/wp-content\/uploads\/2025\/05\/f73f4526-1b9c-4784-bdeb-904aefbb573c-modified-300x225.jpg 300w, https:\/\/itetps.edu.sv\/wp-content\/uploads\/2025\/05\/f73f4526-1b9c-4784-bdeb-904aefbb573c-modified-768x576.jpg 768w, https:\/\/itetps.edu.sv\/wp-content\/uploads\/2025\/05\/f73f4526-1b9c-4784-bdeb-904aefbb573c-modified-1536x1152.jpg 1536w, https:\/\/itetps.edu.sv\/wp-content\/uploads\/2025\/05\/f73f4526-1b9c-4784-bdeb-904aefbb573c-modified.jpg 1600w\" sizes=\"(max-width: 1024px) 100vw, 1024px\" \/>\t\t\t\t\t\t\t\t\t\t\t\t\t\t\t<\/div>\n\t\t\t\t<\/div>\n\t\t\t\t<\/div>\n\t\t<div class=\"elementor-element elementor-element-6a70027 e-con-full e-flex e-con e-child\" data-id=\"6a70027\" data-element_type=\"container\">\n\t\t\t\t<div class=\"elementor-element elementor-element-d3b3924 elementor-widget elementor-widget-image\" data-id=\"d3b3924\" data-element_type=\"widget\" data-widget_type=\"image.default\">\n\t\t\t\t<div class=\"elementor-widget-container\">\n\t\t\t\t\t\t\t\t\t\t\t\t\t\t\t<img loading=\"lazy\" decoding=\"async\" width=\"768\" height=\"1024\" src=\"https:\/\/itetps.edu.sv\/wp-content\/uploads\/2025\/05\/8131dc74-3381-4fb2-be26-d3bca8690012-modified-768x1024.jpg\" class=\"attachment-large size-large wp-image-1506\" alt=\"\" srcset=\"https:\/\/itetps.edu.sv\/wp-content\/uploads\/2025\/05\/8131dc74-3381-4fb2-be26-d3bca8690012-modified-768x1024.jpg 768w, https:\/\/itetps.edu.sv\/wp-content\/uploads\/2025\/05\/8131dc74-3381-4fb2-be26-d3bca8690012-modified-225x300.jpg 225w, https:\/\/itetps.edu.sv\/wp-content\/uploads\/2025\/05\/8131dc74-3381-4fb2-be26-d3bca8690012-modified-1152x1536.jpg 1152w, https:\/\/itetps.edu.sv\/wp-content\/uploads\/2025\/05\/8131dc74-3381-4fb2-be26-d3bca8690012-modified.jpg 1200w\" sizes=\"(max-width: 768px) 100vw, 768px\" \/>\t\t\t\t\t\t\t\t\t\t\t\t\t\t\t<\/div>\n\t\t\t\t<\/div>\n\t\t\t\t<\/div>\n\t\t\t\t\t<\/div>\n\t\t\t\t<\/div>\n\t\t<div class=\"elementor-element elementor-element-6205417 e-flex e-con-boxed e-con e-parent\" data-id=\"6205417\" data-element_type=\"container\">\n\t\t\t\t\t<div class=\"e-con-inner\">\n\t\t\t\t<div class=\"elementor-element elementor-element-50e8e02 elementor-widget-divider--view-line elementor-widget elementor-widget-divider\" data-id=\"50e8e02\" data-element_type=\"widget\" data-widget_type=\"divider.default\">\n\t\t\t\t<div class=\"elementor-widget-container\">\n\t\t\t\t\t\t\t<div class=\"elementor-divider\">\n\t\t\t<span class=\"elementor-divider-separator\">\n\t\t\t\t\t\t<\/span>\n\t\t<\/div>\n\t\t\t\t\t\t<\/div>\n\t\t\t\t<\/div>\n\t\t\t\t\t<\/div>\n\t\t\t\t<\/div>\n\t\t<div class=\"elementor-element elementor-element-195a05e e-flex e-con-boxed e-con e-parent\" data-id=\"195a05e\" data-element_type=\"container\">\n\t\t\t\t\t<div class=\"e-con-inner\">\n\t\t\t\t<div class=\"elementor-element elementor-element-6af58c3 elementor-widget elementor-widget-heading\" data-id=\"6af58c3\" data-element_type=\"widget\" data-widget_type=\"heading.default\">\n\t\t\t\t<div class=\"elementor-widget-container\">\n\t\t\t\t\t<h2 class=\"elementor-heading-title elementor-size-default\">Cl\u00ednica Odontol\u00f3gica<\/h2>\t\t\t\t<\/div>\n\t\t\t\t<\/div>\n\t\t\t\t\t<\/div>\n\t\t\t\t<\/div>\n\t\t<div class=\"elementor-element elementor-element-5802125 e-flex e-con-boxed e-con e-parent\" data-id=\"5802125\" data-element_type=\"container\">\n\t\t\t\t\t<div class=\"e-con-inner\">\n\t\t\t\t<div class=\"elementor-element elementor-element-0806047 elementor-widget elementor-widget-text-editor\" data-id=\"0806047\" data-element_type=\"widget\" data-widget_type=\"text-editor.default\">\n\t\t\t\t<div class=\"elementor-widget-container\">\n\t\t\t\t\t\t\t\t\t<ul><li>Brindar atenci\u00f3n gratuita odontol\u00f3gica y tratamiento a usuarios de la comunidad educativa.<\/li><li>Tratamientos: Diagn\u00f3stico dental, atenci\u00f3n de emergencias, profilaxis (limpieza), detartraje (limpieza profunda), sellantes de fosas y fisuras (tratamiento preventivo), aplicaci\u00f3n fe fl\u00faor (tratamiento preventivo), obturaciones dentales de resina (rellenos), extracciones dentales, atenci\u00f3n de paciente embarazada, referencias odontol\u00f3gicas para especialidades odontol\u00f3gicas.<\/li><\/ul>\t\t\t\t\t\t\t\t<\/div>\n\t\t\t\t<\/div>\n\t\t\t\t\t<\/div>\n\t\t\t\t<\/div>\n\t\t<div class=\"elementor-element elementor-element-cc42173 e-flex e-con-boxed e-con e-parent\" data-id=\"cc42173\" data-element_type=\"container\">\n\t\t\t\t\t<div class=\"e-con-inner\">\n\t\t<div class=\"elementor-element elementor-element-a4be4ec e-con-full e-flex e-con e-child\" data-id=\"a4be4ec\" data-element_type=\"container\">\n\t\t\t\t<div class=\"elementor-element elementor-element-8cb9c1d elementor-widget elementor-widget-image\" data-id=\"8cb9c1d\" data-element_type=\"widget\" data-widget_type=\"image.default\">\n\t\t\t\t<div class=\"elementor-widget-container\">\n\t\t\t\t\t\t\t\t\t\t\t\t\t\t\t<img loading=\"lazy\" decoding=\"async\" width=\"520\" height=\"345\" src=\"https:\/\/itetps.edu.sv\/wp-content\/uploads\/2025\/05\/img471-modified.jpg\" class=\"attachment-large size-large wp-image-1515\" alt=\"\" srcset=\"https:\/\/itetps.edu.sv\/wp-content\/uploads\/2025\/05\/img471-modified.jpg 520w, https:\/\/itetps.edu.sv\/wp-content\/uploads\/2025\/05\/img471-modified-300x199.jpg 300w\" sizes=\"(max-width: 520px) 100vw, 520px\" \/>\t\t\t\t\t\t\t\t\t\t\t\t\t\t\t<\/div>\n\t\t\t\t<\/div>\n\t\t\t\t<\/div>\n\t\t<div class=\"elementor-element elementor-element-dc32596 e-con-full e-flex e-con e-child\" data-id=\"dc32596\" data-element_type=\"container\">\n\t\t\t\t<div class=\"elementor-element elementor-element-71375c3 elementor-widget elementor-widget-image\" data-id=\"71375c3\" data-element_type=\"widget\" data-widget_type=\"image.default\">\n\t\t\t\t<div class=\"elementor-widget-container\">\n\t\t\t\t\t\t\t\t\t\t\t\t\t\t\t<img loading=\"lazy\" decoding=\"async\" width=\"520\" height=\"345\" src=\"https:\/\/itetps.edu.sv\/wp-content\/uploads\/2025\/05\/img470-modified.jpg\" class=\"attachment-large size-large wp-image-1514\" alt=\"\" srcset=\"https:\/\/itetps.edu.sv\/wp-content\/uploads\/2025\/05\/img470-modified.jpg 520w, https:\/\/itetps.edu.sv\/wp-content\/uploads\/2025\/05\/img470-modified-300x199.jpg 300w\" sizes=\"(max-width: 520px) 100vw, 520px\" \/>\t\t\t\t\t\t\t\t\t\t\t\t\t\t\t<\/div>\n\t\t\t\t<\/div>\n\t\t\t\t<\/div>\n\t\t<div class=\"elementor-element elementor-element-81a7ddf e-con-full e-flex e-con e-child\" data-id=\"81a7ddf\" data-element_type=\"container\">\n\t\t\t\t<div class=\"elementor-element elementor-element-4735746 elementor-widget elementor-widget-image\" data-id=\"4735746\" data-element_type=\"widget\" data-widget_type=\"image.default\">\n\t\t\t\t<div class=\"elementor-widget-container\">\n\t\t\t\t\t\t\t\t\t\t\t\t\t\t\t<img loading=\"lazy\" decoding=\"async\" width=\"985\" height=\"739\" src=\"https:\/\/itetps.edu.sv\/wp-content\/uploads\/2025\/05\/20240719_072633-modified.jpg\" class=\"attachment-large size-large wp-image-1513\" alt=\"\" srcset=\"https:\/\/itetps.edu.sv\/wp-content\/uploads\/2025\/05\/20240719_072633-modified.jpg 985w, https:\/\/itetps.edu.sv\/wp-content\/uploads\/2025\/05\/20240719_072633-modified-300x225.jpg 300w, https:\/\/itetps.edu.sv\/wp-content\/uploads\/2025\/05\/20240719_072633-modified-768x576.jpg 768w\" sizes=\"(max-width: 985px) 100vw, 985px\" \/>\t\t\t\t\t\t\t\t\t\t\t\t\t\t\t<\/div>\n\t\t\t\t<\/div>\n\t\t\t\t<\/div>\n\t\t<div class=\"elementor-element elementor-element-e28fcf7 e-con-full e-flex e-con e-child\" data-id=\"e28fcf7\" data-element_type=\"container\">\n\t\t\t\t<div class=\"elementor-element elementor-element-ae148b2 elementor-widget elementor-widget-image\" data-id=\"ae148b2\" data-element_type=\"widget\" data-widget_type=\"image.default\">\n\t\t\t\t<div class=\"elementor-widget-container\">\n\t\t\t\t\t\t\t\t\t\t\t\t\t\t\t<img loading=\"lazy\" decoding=\"async\" width=\"1024\" height=\"768\" src=\"https:\/\/itetps.edu.sv\/wp-content\/uploads\/2025\/05\/20191004_085952-modified-1024x768.jpg\" class=\"attachment-large size-large wp-image-1512\" alt=\"\" srcset=\"https:\/\/itetps.edu.sv\/wp-content\/uploads\/2025\/05\/20191004_085952-modified-1024x768.jpg 1024w, https:\/\/itetps.edu.sv\/wp-content\/uploads\/2025\/05\/20191004_085952-modified-300x225.jpg 300w, https:\/\/itetps.edu.sv\/wp-content\/uploads\/2025\/05\/20191004_085952-modified-768x576.jpg 768w, https:\/\/itetps.edu.sv\/wp-content\/uploads\/2025\/05\/20191004_085952-modified-1536x1152.jpg 1536w, https:\/\/itetps.edu.sv\/wp-content\/uploads\/2025\/05\/20191004_085952-modified-2048x1536.jpg 2048w\" sizes=\"(max-width: 1024px) 100vw, 1024px\" \/>\t\t\t\t\t\t\t\t\t\t\t\t\t\t\t<\/div>\n\t\t\t\t<\/div>\n\t\t\t\t<\/div>\n\t\t\t\t\t<\/div>\n\t\t\t\t<\/div>\n\t\t\t\t<\/div>\n\t\t","protected":false},"excerpt":{"rendered":"<p>Cl\u00ednica M\u00e9dica Brindar asistencia m\u00e9dica general a usuarios de la instituci\u00f3n (estudiantes, personal docente y administrativo; familiares de estos y [&hellip;]<\/p>\n","protected":false},"author":3,"featured_media":0,"parent":0,"menu_order":0,"comment_status":"closed","ping_status":"closed","template":"","meta":{"site-sidebar-layout":"no-sidebar","site-content-layout":"","ast-site-content-layout":"full-width-container","site-content-style":"default","site-sidebar-style":"default","ast-global-header-display":"","ast-banner-title-visibility":"","ast-main-header-display":"","ast-hfb-above-header-display":"","ast-hfb-below-header-display":"","ast-hfb-mobile-header-display":"","site-post-title":"disabled","ast-breadcrumbs-content":"","ast-featured-img":"disabled","footer-sml-layout":"","theme-transparent-header-meta":"","adv-header-id-meta":"","stick-header-meta":"","header-above-stick-meta":"","header-main-stick-meta":"","header-below-stick-meta":"","astra-migrate-meta-layouts":"default","ast-page-background-enabled":"default","ast-page-background-meta":{"desktop":{"background-color":"var(--ast-global-color-4)","background-image":"","background-repeat":"repeat","background-position":"center center","background-size":"auto","background-attachment":"scroll","background-type":"","background-media":"","overlay-type":"","overlay-color":"","overlay-opacity":"","overlay-gradient":""},"tablet":{"background-color":"","background-image":"","background-repeat":"repeat","background-position":"center center","background-size":"auto","background-attachment":"scroll","background-type":"","background-media":"","overlay-type":"","overlay-color":"","overlay-opacity":"","overlay-gradient":""},"mobile":{"background-color":"","background-image":"","background-repeat":"repeat","background-position":"center center","background-size":"auto","background-attachment":"scroll","background-type":"","background-media":"","overlay-type":"","overlay-color":"","overlay-opacity":"","overlay-gradient":""}},"ast-content-background-meta":{"desktop":{"background-color":"var(--ast-global-color-5)","background-image":"","background-repeat":"repeat","background-position":"center center","background-size":"auto","background-attachment":"scroll","background-type":"","background-media":"","overlay-type":"","overlay-color":"","overlay-opacity":"","overlay-gradient":""},"tablet":{"background-color":"var(--ast-global-color-5)","background-image":"","background-repeat":"repeat","background-position":"center center","background-size":"auto","background-attachment":"scroll","background-type":"","background-media":"","overlay-type":"","overlay-color":"","overlay-opacity":"","overlay-gradient":""},"mobile":{"background-color":"var(--ast-global-color-5)","background-image":"","background-repeat":"repeat","background-position":"center center","background-size":"auto","background-attachment":"scroll","background-type":"","background-media":"","overlay-type":"","overlay-color":"","overlay-opacity":"","overlay-gradient":""}},"footnotes":""},"class_list":["post-1501","page","type-page","status-publish","hentry"],"_links":{"self":[{"href":"https:\/\/itetps.edu.sv\/index.php?rest_route=\/wp\/v2\/pages\/1501","targetHints":{"allow":["GET"]}}],"collection":[{"href":"https:\/\/itetps.edu.sv\/index.php?rest_route=\/wp\/v2\/pages"}],"about":[{"href":"https:\/\/itetps.edu.sv\/index.php?rest_route=\/wp\/v2\/types\/page"}],"author":[{"embeddable":true,"href":"https:\/\/itetps.edu.sv\/index.php?rest_route=\/wp\/v2\/users\/3"}],"replies":[{"embeddable":true,"href":"https:\/\/itetps.edu.sv\/index.php?rest_route=%2Fwp%2Fv2%2Fcomments&post=1501"}],"version-history":[{"count":7,"href":"https:\/\/itetps.edu.sv\/index.php?rest_route=\/wp\/v2\/pages\/1501\/revisions"}],"predecessor-version":[{"id":1518,"href":"https:\/\/itetps.edu.sv\/index.php?rest_route=\/wp\/v2\/pages\/1501\/revisions\/1518"}],"wp:attachment":[{"href":"https:\/\/itetps.edu.sv\/index.php?rest_route=%2Fwp%2Fv2%2Fmedia&parent=1501"}],"curies":[{"name":"wp","href":"https:\/\/api.w.org\/{rel}","templated":true}]}}