{"id":1599,"date":"2025-05-05T16:30:41","date_gmt":"2025-05-05T16:30:41","guid":{"rendered":"https:\/\/itetps.edu.sv\/?page_id=1599"},"modified":"2025-05-05T16:31:48","modified_gmt":"2025-05-05T16:31:48","slug":"seguimiento-graduados","status":"publish","type":"page","link":"https:\/\/itetps.edu.sv\/?page_id=1599","title":{"rendered":"seguimiento graduados"},"content":{"rendered":"\t\t<div data-elementor-type=\"wp-page\" data-elementor-id=\"1599\" class=\"elementor elementor-1599\">\n\t\t\t\t<div class=\"elementor-element elementor-element-9187be8 e-flex e-con-boxed e-con e-parent\" data-id=\"9187be8\" data-element_type=\"container\">\n\t\t\t\t\t<div class=\"e-con-inner\">\n\t\t\t\t<div class=\"elementor-element elementor-element-614bf16 elementor-widget__width-initial elementor-widget elementor-widget-heading\" data-id=\"614bf16\" data-element_type=\"widget\" data-widget_type=\"heading.default\">\n\t\t\t\t<div class=\"elementor-widget-container\">\n\t\t\t\t\t<h2 class=\"elementor-heading-title elementor-size-default\">UNIDAD DE SEGUIMIENTO DE GRADUADOS ITETPS<\/h2>\t\t\t\t<\/div>\n\t\t\t\t<\/div>\n\t\t\t\t\t<\/div>\n\t\t\t\t<\/div>\n\t\t<div class=\"elementor-element elementor-element-87d528e e-flex e-con-boxed e-con e-parent\" data-id=\"87d528e\" data-element_type=\"container\">\n\t\t\t\t\t<div class=\"e-con-inner\">\n\t\t<div class=\"elementor-element elementor-element-de45e27 e-con-full e-flex e-con e-child\" data-id=\"de45e27\" data-element_type=\"container\">\n\t\t\t\t<div class=\"elementor-element elementor-element-3bc9c2a elementor-widget elementor-widget-text-editor\" data-id=\"3bc9c2a\" data-element_type=\"widget\" data-widget_type=\"text-editor.default\">\n\t\t\t\t<div class=\"elementor-widget-container\">\n\t\t\t\t\t\t\t\t\t<p>El prop\u00f3sito principal de esta unidad es establecer y mantener una relaci\u00f3n continua con los graduados de la insituci\u00f3n, ofert\u00e1ndoles oportunidades de empleo.<\/p><p><strong>Objetivos de la bolsa de empleo<\/strong>:<\/p><ol><li>Promover la inserci\u00f3n de los graduados del ITETPS en el mercado laboral; para ello, la unidad de seguimiento de graduados comparte ofertas laborales en su p\u00e1gina oficial de facebook de acuerdo a las solicitudes de los empleadores.\u00a0\u00a0<\/li><li>Mantener una base de datos actualizada con la informaci\u00f3n personal, acad\u00e9mica, laboral y profesional de los graduados.<\/li><\/ol>\t\t\t\t\t\t\t\t<\/div>\n\t\t\t\t<\/div>\n\t\t\t\t<\/div>\n\t\t<div class=\"elementor-element elementor-element-b70795d e-con-full e-flex e-con e-child\" data-id=\"b70795d\" data-element_type=\"container\">\n\t\t\t\t<div class=\"elementor-element elementor-element-0a0edf0 elementor-widget elementor-widget-image\" data-id=\"0a0edf0\" data-element_type=\"widget\" data-widget_type=\"image.default\">\n\t\t\t\t<div class=\"elementor-widget-container\">\n\t\t\t\t\t\t\t\t\t\t\t\t\t\t\t<img fetchpriority=\"high\" decoding=\"async\" width=\"1024\" height=\"683\" src=\"https:\/\/itetps.edu.sv\/wp-content\/uploads\/2025\/05\/486142210_1113208660610523_3373343057770206535_n-1024x683.jpg\" class=\"attachment-large size-large wp-image-1601\" alt=\"\" srcset=\"https:\/\/itetps.edu.sv\/wp-content\/uploads\/2025\/05\/486142210_1113208660610523_3373343057770206535_n-1024x683.jpg 1024w, https:\/\/itetps.edu.sv\/wp-content\/uploads\/2025\/05\/486142210_1113208660610523_3373343057770206535_n-300x200.jpg 300w, https:\/\/itetps.edu.sv\/wp-content\/uploads\/2025\/05\/486142210_1113208660610523_3373343057770206535_n-768x512.jpg 768w, https:\/\/itetps.edu.sv\/wp-content\/uploads\/2025\/05\/486142210_1113208660610523_3373343057770206535_n-1536x1024.jpg 1536w, https:\/\/itetps.edu.sv\/wp-content\/uploads\/2025\/05\/486142210_1113208660610523_3373343057770206535_n.jpg 1800w\" sizes=\"(max-width: 1024px) 100vw, 1024px\" \/>\t\t\t\t\t\t\t\t\t\t\t\t\t\t\t<\/div>\n\t\t\t\t<\/div>\n\t\t\t\t<\/div>\n\t\t\t\t\t<\/div>\n\t\t\t\t<\/div>\n\t\t<div class=\"elementor-element elementor-element-aa5d908 e-flex e-con-boxed e-con e-parent\" data-id=\"aa5d908\" data-element_type=\"container\">\n\t\t\t\t\t<div class=\"e-con-inner\">\n\t\t\t\t<div class=\"elementor-element elementor-element-6d0b707 elementor-widget elementor-widget-text-editor\" data-id=\"6d0b707\" data-element_type=\"widget\" data-widget_type=\"text-editor.default\">\n\t\t\t\t<div class=\"elementor-widget-container\">\n\t\t\t\t\t\t\t\t\t<h2 style=\"text-align: center;\"><strong>El Instituto Tecnol\u00f3gico Escuela T\u00e9cnica para la Salud cuenta con 37 a\u00f1os de formar recursos de enfermer\u00eda y en su larga trayectoria contamos con un n\u00famero de graduados entre auxiliares de enfermer\u00eda, enfermera graduada, t\u00e9cnicos y tecn\u00f3logos en enfermer\u00eda<\/strong><\/h2>\t\t\t\t\t\t\t\t<\/div>\n\t\t\t\t<\/div>\n\t\t\t\t\t<\/div>\n\t\t\t\t<\/div>\n\t\t<div class=\"elementor-element elementor-element-17db0fa e-flex e-con-boxed e-con e-parent\" data-id=\"17db0fa\" data-element_type=\"container\">\n\t\t\t\t\t<div class=\"e-con-inner\">\n\t\t\t\t<div class=\"elementor-element elementor-element-0d975ee elementor-widget__width-initial elementor-widget elementor-widget-image\" data-id=\"0d975ee\" data-element_type=\"widget\" data-widget_type=\"image.default\">\n\t\t\t\t<div class=\"elementor-widget-container\">\n\t\t\t\t\t\t\t\t\t\t\t\t\t\t\t<img decoding=\"async\" width=\"921\" height=\"589\" src=\"https:\/\/itetps.edu.sv\/wp-content\/uploads\/2025\/05\/sg.png\" class=\"attachment-large size-large wp-image-1602\" alt=\"\" srcset=\"https:\/\/itetps.edu.sv\/wp-content\/uploads\/2025\/05\/sg.png 921w, https:\/\/itetps.edu.sv\/wp-content\/uploads\/2025\/05\/sg-300x192.png 300w, https:\/\/itetps.edu.sv\/wp-content\/uploads\/2025\/05\/sg-768x491.png 768w\" sizes=\"(max-width: 921px) 100vw, 921px\" \/>\t\t\t\t\t\t\t\t\t\t\t\t\t\t\t<\/div>\n\t\t\t\t<\/div>\n\t\t\t\t\t<\/div>\n\t\t\t\t<\/div>\n\t\t<div class=\"elementor-element elementor-element-2a86da4 e-flex e-con-boxed e-con e-parent\" data-id=\"2a86da4\" data-element_type=\"container\">\n\t\t\t\t\t<div class=\"e-con-inner\">\n\t\t\t\t<div class=\"elementor-element elementor-element-a2e5238 elementor-widget__width-initial elementor-widget elementor-widget-image\" data-id=\"a2e5238\" data-element_type=\"widget\" data-widget_type=\"image.default\">\n\t\t\t\t<div class=\"elementor-widget-container\">\n\t\t\t\t\t\t\t\t\t\t\t\t\t\t\t<img decoding=\"async\" width=\"764\" height=\"430\" src=\"https:\/\/itetps.edu.sv\/wp-content\/uploads\/2025\/05\/graduados.jpg\" class=\"attachment-large size-large wp-image-1603\" alt=\"\" srcset=\"https:\/\/itetps.edu.sv\/wp-content\/uploads\/2025\/05\/graduados.jpg 764w, https:\/\/itetps.edu.sv\/wp-content\/uploads\/2025\/05\/graduados-300x169.jpg 300w\" sizes=\"(max-width: 764px) 100vw, 764px\" \/>\t\t\t\t\t\t\t\t\t\t\t\t\t\t\t<\/div>\n\t\t\t\t<\/div>\n\t\t\t\t\t<\/div>\n\t\t\t\t<\/div>\n\t\t\t\t<\/div>\n\t\t","protected":false},"excerpt":{"rendered":"<p>UNIDAD DE SEGUIMIENTO DE GRADUADOS ITETPS El prop\u00f3sito principal de esta unidad es establecer y mantener una relaci\u00f3n continua con [&hellip;]<\/p>\n","protected":false},"author":3,"featured_media":0,"parent":0,"menu_order":0,"comment_status":"closed","ping_status":"closed","template":"","meta":{"site-sidebar-layout":"no-sidebar","site-content-layout":"","ast-site-content-layout":"full-width-container","site-content-style":"default","site-sidebar-style":"default","ast-global-header-display":"","ast-banner-title-visibility":"","ast-main-header-display":"","ast-hfb-above-header-display":"","ast-hfb-below-header-display":"","ast-hfb-mobile-header-display":"","site-post-title":"disabled","ast-breadcrumbs-content":"","ast-featured-img":"disabled","footer-sml-layout":"","theme-transparent-header-meta":"","adv-header-id-meta":"","stick-header-meta":"","header-above-stick-meta":"","header-main-stick-meta":"","header-below-stick-meta":"","astra-migrate-meta-layouts":"default","ast-page-background-enabled":"default","ast-page-background-meta":{"desktop":{"background-color":"var(--ast-global-color-4)","background-image":"","background-repeat":"repeat","background-position":"center center","background-size":"auto","background-attachment":"scroll","background-type":"","background-media":"","overlay-type":"","overlay-color":"","overlay-opacity":"","overlay-gradient":""},"tablet":{"background-color":"","background-image":"","background-repeat":"repeat","background-position":"center center","background-size":"auto","background-attachment":"scroll","background-type":"","background-media":"","overlay-type":"","overlay-color":"","overlay-opacity":"","overlay-gradient":""},"mobile":{"background-color":"","background-image":"","background-repeat":"repeat","background-position":"center center","background-size":"auto","background-attachment":"scroll","background-type":"","background-media":"","overlay-type":"","overlay-color":"","overlay-opacity":"","overlay-gradient":""}},"ast-content-background-meta":{"desktop":{"background-color":"var(--ast-global-color-5)","background-image":"","background-repeat":"repeat","background-position":"center center","background-size":"auto","background-attachment":"scroll","background-type":"","background-media":"","overlay-type":"","overlay-color":"","overlay-opacity":"","overlay-gradient":""},"tablet":{"background-color":"var(--ast-global-color-5)","background-image":"","background-repeat":"repeat","background-position":"center center","background-size":"auto","background-attachment":"scroll","background-type":"","background-media":"","overlay-type":"","overlay-color":"","overlay-opacity":"","overlay-gradient":""},"mobile":{"background-color":"var(--ast-global-color-5)","background-image":"","background-repeat":"repeat","background-position":"center center","background-size":"auto","background-attachment":"scroll","background-type":"","background-media":"","overlay-type":"","overlay-color":"","overlay-opacity":"","overlay-gradient":""}},"footnotes":""},"class_list":["post-1599","page","type-page","status-publish","hentry"],"_links":{"self":[{"href":"https:\/\/itetps.edu.sv\/index.php?rest_route=\/wp\/v2\/pages\/1599","targetHints":{"allow":["GET"]}}],"collection":[{"href":"https:\/\/itetps.edu.sv\/index.php?rest_route=\/wp\/v2\/pages"}],"about":[{"href":"https:\/\/itetps.edu.sv\/index.php?rest_route=\/wp\/v2\/types\/page"}],"author":[{"embeddable":true,"href":"https:\/\/itetps.edu.sv\/index.php?rest_route=\/wp\/v2\/users\/3"}],"replies":[{"embeddable":true,"href":"https:\/\/itetps.edu.sv\/index.php?rest_route=%2Fwp%2Fv2%2Fcomments&post=1599"}],"version-history":[{"count":4,"href":"https:\/\/itetps.edu.sv\/index.php?rest_route=\/wp\/v2\/pages\/1599\/revisions"}],"predecessor-version":[{"id":1606,"href":"https:\/\/itetps.edu.sv\/index.php?rest_route=\/wp\/v2\/pages\/1599\/revisions\/1606"}],"wp:attachment":[{"href":"https:\/\/itetps.edu.sv\/index.php?rest_route=%2Fwp%2Fv2%2Fmedia&parent=1599"}],"curies":[{"name":"wp","href":"https:\/\/api.w.org\/{rel}","templated":true}]}}