{"id":1610,"date":"2025-05-06T01:05:07","date_gmt":"2025-05-06T01:05:07","guid":{"rendered":"https:\/\/itetps.edu.sv\/?page_id=1610"},"modified":"2025-05-06T01:06:07","modified_gmt":"2025-05-06T01:06:07","slug":"consejo-alumnos","status":"publish","type":"page","link":"https:\/\/itetps.edu.sv\/?page_id=1610","title":{"rendered":"consejo alumnos"},"content":{"rendered":"\t\t<div data-elementor-type=\"wp-page\" data-elementor-id=\"1610\" class=\"elementor elementor-1610\">\n\t\t\t\t<div class=\"elementor-element elementor-element-cead415 e-flex e-con-boxed e-con e-parent\" data-id=\"cead415\" data-element_type=\"container\">\n\t\t\t\t\t<div class=\"e-con-inner\">\n\t\t\t\t<div class=\"elementor-element elementor-element-b55994f elementor-widget__width-initial elementor-widget elementor-widget-heading\" data-id=\"b55994f\" data-element_type=\"widget\" data-widget_type=\"heading.default\">\n\t\t\t\t<div class=\"elementor-widget-container\">\n\t\t\t\t\t<h2 class=\"elementor-heading-title elementor-size-default\">CONSEJO ESTUDIANTIL<\/h2>\t\t\t\t<\/div>\n\t\t\t\t<\/div>\n\t\t\t\t\t<\/div>\n\t\t\t\t<\/div>\n\t\t<div class=\"elementor-element elementor-element-4f41da0 e-flex e-con-boxed e-con e-parent\" data-id=\"4f41da0\" data-element_type=\"container\">\n\t\t\t\t\t<div class=\"e-con-inner\">\n\t\t<div class=\"elementor-element elementor-element-3ecf831 e-con-full e-flex e-con e-child\" data-id=\"3ecf831\" data-element_type=\"container\">\n\t\t\t\t<div class=\"elementor-element elementor-element-0dcc995 elementor-widget elementor-widget-image\" data-id=\"0dcc995\" data-element_type=\"widget\" data-widget_type=\"image.default\">\n\t\t\t\t<div class=\"elementor-widget-container\">\n\t\t\t\t\t\t\t\t\t\t\t\t\t\t\t<img fetchpriority=\"high\" decoding=\"async\" width=\"1024\" height=\"576\" src=\"https:\/\/itetps.edu.sv\/wp-content\/uploads\/2025\/05\/6ec3f3fb-c602-433a-aa0c-5af3ab5bbb26-modified-1024x576.jpg\" class=\"attachment-large size-large wp-image-1612\" alt=\"\" srcset=\"https:\/\/itetps.edu.sv\/wp-content\/uploads\/2025\/05\/6ec3f3fb-c602-433a-aa0c-5af3ab5bbb26-modified-1024x576.jpg 1024w, https:\/\/itetps.edu.sv\/wp-content\/uploads\/2025\/05\/6ec3f3fb-c602-433a-aa0c-5af3ab5bbb26-modified-300x169.jpg 300w, https:\/\/itetps.edu.sv\/wp-content\/uploads\/2025\/05\/6ec3f3fb-c602-433a-aa0c-5af3ab5bbb26-modified-768x432.jpg 768w, https:\/\/itetps.edu.sv\/wp-content\/uploads\/2025\/05\/6ec3f3fb-c602-433a-aa0c-5af3ab5bbb26-modified.jpg 1080w\" sizes=\"(max-width: 1024px) 100vw, 1024px\" \/>\t\t\t\t\t\t\t\t\t\t\t\t\t\t\t<\/div>\n\t\t\t\t<\/div>\n\t\t\t\t<\/div>\n\t\t<div class=\"elementor-element elementor-element-3fb88c9 e-con-full e-flex e-con e-child\" data-id=\"3fb88c9\" data-element_type=\"container\">\n\t\t<div class=\"elementor-element elementor-element-463a9c8 e-con-full e-flex e-con e-child\" data-id=\"463a9c8\" data-element_type=\"container\">\n\t\t\t\t<div class=\"elementor-element elementor-element-ae647a7 elementor-widget elementor-widget-text-editor\" data-id=\"ae647a7\" data-element_type=\"widget\" data-widget_type=\"text-editor.default\">\n\t\t\t\t<div class=\"elementor-widget-container\">\n\t\t\t\t\t\t\t\t\t<p>Es un organismo compuesto por un grupo de estudiantes, elegidos democr\u00e1ticamente por sus compa\u00f1eros, fruto de la elecci\u00f3n salen un presidente, vicepresidente, secretario, tesorero y vocal, as\u00ed como un representante de cada uno de los cursos que componen la instituci\u00f3n. La principal funci\u00f3n de los miembros del Consejo Estudiantil es escuchar, defender y representar a sus compa\u00f1eros, sirvi\u00e9ndoles de nexo con la Direcci\u00f3n, Docentes y otras instituciones.<\/p>\t\t\t\t\t\t\t\t<\/div>\n\t\t\t\t<\/div>\n\t\t\t\t<\/div>\n\t\t<div class=\"elementor-element elementor-element-e30d713 e-con-full e-flex e-con e-child\" data-id=\"e30d713\" data-element_type=\"container\">\n\t\t\t\t<div class=\"elementor-element elementor-element-73ff998 elementor-widget elementor-widget-image\" data-id=\"73ff998\" data-element_type=\"widget\" data-widget_type=\"image.default\">\n\t\t\t\t<div class=\"elementor-widget-container\">\n\t\t\t\t\t\t\t\t\t\t\t\t\t\t\t<img decoding=\"async\" width=\"1024\" height=\"768\" src=\"https:\/\/itetps.edu.sv\/wp-content\/uploads\/2025\/05\/GnZMlcqXoAEuzbw-1024x768.jpg\" class=\"attachment-large size-large wp-image-1613\" alt=\"\" srcset=\"https:\/\/itetps.edu.sv\/wp-content\/uploads\/2025\/05\/GnZMlcqXoAEuzbw-1024x768.jpg 1024w, https:\/\/itetps.edu.sv\/wp-content\/uploads\/2025\/05\/GnZMlcqXoAEuzbw-300x225.jpg 300w, https:\/\/itetps.edu.sv\/wp-content\/uploads\/2025\/05\/GnZMlcqXoAEuzbw-768x576.jpg 768w, https:\/\/itetps.edu.sv\/wp-content\/uploads\/2025\/05\/GnZMlcqXoAEuzbw.jpg 1080w\" sizes=\"(max-width: 1024px) 100vw, 1024px\" \/>\t\t\t\t\t\t\t\t\t\t\t\t\t\t\t<\/div>\n\t\t\t\t<\/div>\n\t\t\t\t<\/div>\n\t\t\t\t<\/div>\n\t\t\t\t\t<\/div>\n\t\t\t\t<\/div>\n\t\t\t\t<\/div>\n\t\t","protected":false},"excerpt":{"rendered":"<p>CONSEJO ESTUDIANTIL Es un organismo compuesto por un grupo de estudiantes, elegidos democr\u00e1ticamente por sus compa\u00f1eros, fruto de la elecci\u00f3n [&hellip;]<\/p>\n","protected":false},"author":3,"featured_media":0,"parent":0,"menu_order":0,"comment_status":"closed","ping_status":"closed","template":"","meta":{"site-sidebar-layout":"no-sidebar","site-content-layout":"","ast-site-content-layout":"full-width-container","site-content-style":"default","site-sidebar-style":"default","ast-global-header-display":"","ast-banner-title-visibility":"","ast-main-header-display":"","ast-hfb-above-header-display":"","ast-hfb-below-header-display":"","ast-hfb-mobile-header-display":"","site-post-title":"disabled","ast-breadcrumbs-content":"","ast-featured-img":"disabled","footer-sml-layout":"","theme-transparent-header-meta":"","adv-header-id-meta":"","stick-header-meta":"","header-above-stick-meta":"","header-main-stick-meta":"","header-below-stick-meta":"","astra-migrate-meta-layouts":"default","ast-page-background-enabled":"default","ast-page-background-meta":{"desktop":{"background-color":"var(--ast-global-color-4)","background-image":"","background-repeat":"repeat","background-position":"center center","background-size":"auto","background-attachment":"scroll","background-type":"","background-media":"","overlay-type":"","overlay-color":"","overlay-opacity":"","overlay-gradient":""},"tablet":{"background-color":"","background-image":"","background-repeat":"repeat","background-position":"center center","background-size":"auto","background-attachment":"scroll","background-type":"","background-media":"","overlay-type":"","overlay-color":"","overlay-opacity":"","overlay-gradient":""},"mobile":{"background-color":"","background-image":"","background-repeat":"repeat","background-position":"center center","background-size":"auto","background-attachment":"scroll","background-type":"","background-media":"","overlay-type":"","overlay-color":"","overlay-opacity":"","overlay-gradient":""}},"ast-content-background-meta":{"desktop":{"background-color":"var(--ast-global-color-5)","background-image":"","background-repeat":"repeat","background-position":"center center","background-size":"auto","background-attachment":"scroll","background-type":"","background-media":"","overlay-type":"","overlay-color":"","overlay-opacity":"","overlay-gradient":""},"tablet":{"background-color":"var(--ast-global-color-5)","background-image":"","background-repeat":"repeat","background-position":"center center","background-size":"auto","background-attachment":"scroll","background-type":"","background-media":"","overlay-type":"","overlay-color":"","overlay-opacity":"","overlay-gradient":""},"mobile":{"background-color":"var(--ast-global-color-5)","background-image":"","background-repeat":"repeat","background-position":"center center","background-size":"auto","background-attachment":"scroll","background-type":"","background-media":"","overlay-type":"","overlay-color":"","overlay-opacity":"","overlay-gradient":""}},"footnotes":""},"class_list":["post-1610","page","type-page","status-publish","hentry"],"_links":{"self":[{"href":"https:\/\/itetps.edu.sv\/index.php?rest_route=\/wp\/v2\/pages\/1610","targetHints":{"allow":["GET"]}}],"collection":[{"href":"https:\/\/itetps.edu.sv\/index.php?rest_route=\/wp\/v2\/pages"}],"about":[{"href":"https:\/\/itetps.edu.sv\/index.php?rest_route=\/wp\/v2\/types\/page"}],"author":[{"embeddable":true,"href":"https:\/\/itetps.edu.sv\/index.php?rest_route=\/wp\/v2\/users\/3"}],"replies":[{"embeddable":true,"href":"https:\/\/itetps.edu.sv\/index.php?rest_route=%2Fwp%2Fv2%2Fcomments&post=1610"}],"version-history":[{"count":4,"href":"https:\/\/itetps.edu.sv\/index.php?rest_route=\/wp\/v2\/pages\/1610\/revisions"}],"predecessor-version":[{"id":1616,"href":"https:\/\/itetps.edu.sv\/index.php?rest_route=\/wp\/v2\/pages\/1610\/revisions\/1616"}],"wp:attachment":[{"href":"https:\/\/itetps.edu.sv\/index.php?rest_route=%2Fwp%2Fv2%2Fmedia&parent=1610"}],"curies":[{"name":"wp","href":"https:\/\/api.w.org\/{rel}","templated":true}]}}